{"id":997,"date":"2024-04-09T11:17:04","date_gmt":"2024-04-09T11:17:04","guid":{"rendered":"https:\/\/atelierbycatarino.pt\/?post_type=product&#038;p=997"},"modified":"2026-04-23T13:35:34","modified_gmt":"2026-04-23T13:35:34","slug":"cuide-do-seu-relogio","status":"publish","type":"product","link":"https:\/\/atelierbycatarino.pt\/en\/product\/cuide-do-seu-relogio\/","title":{"rendered":"Cuide do seu Rel\u00f3gio"},"content":{"rendered":"","protected":false},"excerpt":{"rendered":"<p>O interior do seu rel\u00f3gio \u00e9 portador dos segredos do tempo. Atrav\u00e9s deste workshop desmonte o seu rel\u00f3gio e atreva-se a desvendar esses segredos.<\/p>\n<p>Ter\u00e1 a oportunidade de aprender a cuidar dos rel\u00f3gios, atrav\u00e9s da mudan\u00e7a de pilhas e polimento de caixa e braceletes. \u00c9 um escape da realidade o mundo da relojoaria, venha descobrir por si!<\/p>","protected":false},"featured_media":980,"template":"","meta":{"_acf_changed":false,"_monsterinsights_skip_tracking":false,"_monsterinsights_sitenote_active":false,"_monsterinsights_sitenote_note":"","_monsterinsights_sitenote_category":0},"product_brand":[],"product_cat":[27],"product_tag":[],"class_list":{"0":"post-997","1":"product","2":"type-product","3":"status-publish","4":"has-post-thumbnail","6":"product_cat-workshops","8":"first","9":"instock","10":"taxable","11":"shipping-taxable","12":"purchasable","13":"product-type-variable"},"acf":[],"_links":{"self":[{"href":"https:\/\/atelierbycatarino.pt\/en\/wp-json\/wp\/v2\/product\/997","targetHints":{"allow":["GET"]}}],"collection":[{"href":"https:\/\/atelierbycatarino.pt\/en\/wp-json\/wp\/v2\/product"}],"about":[{"href":"https:\/\/atelierbycatarino.pt\/en\/wp-json\/wp\/v2\/types\/product"}],"version-history":[{"count":6,"href":"https:\/\/atelierbycatarino.pt\/en\/wp-json\/wp\/v2\/product\/997\/revisions"}],"predecessor-version":[{"id":3535,"href":"https:\/\/atelierbycatarino.pt\/en\/wp-json\/wp\/v2\/product\/997\/revisions\/3535"}],"wp:featuredmedia":[{"embeddable":true,"href":"https:\/\/atelierbycatarino.pt\/en\/wp-json\/wp\/v2\/media\/980"}],"wp:attachment":[{"href":"https:\/\/atelierbycatarino.pt\/en\/wp-json\/wp\/v2\/media?parent=997"}],"wp:term":[{"taxonomy":"product_brand","embeddable":true,"href":"https:\/\/atelierbycatarino.pt\/en\/wp-json\/wp\/v2\/product_brand?post=997"},{"taxonomy":"product_cat","embeddable":true,"href":"https:\/\/atelierbycatarino.pt\/en\/wp-json\/wp\/v2\/product_cat?post=997"},{"taxonomy":"product_tag","embeddable":true,"href":"https:\/\/atelierbycatarino.pt\/en\/wp-json\/wp\/v2\/product_tag?post=997"}],"curies":[{"name":"wp","href":"https:\/\/api.w.org\/{rel}","templated":true}]}}