{"id":739,"date":"2024-04-08T13:56:01","date_gmt":"2024-04-08T13:56:01","guid":{"rendered":"https:\/\/atelierbycatarino.pt\/?post_type=product&#038;p=739"},"modified":"2026-04-01T11:45:12","modified_gmt":"2026-04-01T11:45:12","slug":"felizes-para-sempre","status":"publish","type":"product","link":"https:\/\/atelierbycatarino.pt\/en\/product\/felizes-para-sempre\/","title":{"rendered":"Felizes para Sempre"},"content":{"rendered":"<p>Num mundo onde o amor verdadeiro \u00e9 celebrado, existe uma tradi\u00e7\u00e3o que p\u00e1ra no tempo e que simboliza o compromisso eterno entre duas pessoas apaixonadas: o casamento.<\/p>\n<p>Para eternizar este compromisso, n\u00e3o h\u00e1 metal mais nobre e duradouro que o ouro portugu\u00eas de 19.2 Kt.<\/p>\n<p>Palavras como o compromisso, a fidelidade, a cumplicidade e a eternidade s\u00e3o alicerces indispens\u00e1veis para um casamento feliz.<br \/>\nQuer\u00edamos ajudar a eternizar o vosso amor atrav\u00e9s das alian\u00e7as que v\u00e3o usar para o resto da vossa vida. Atrav\u00e9s desta experi\u00eancia conseguem fazer as vossas pr\u00f3prias alian\u00e7as, moldadas \u00e0<br \/>\nvossa personalidade.<\/p>\n<p>O processo \u00e9 simples, cada um faz a alian\u00e7a da sua cara metade!<\/p>\n<p>Ter\u00e3o sempre um profissional que vos acompanhar\u00e1 durante esta viagem. Temos v\u00e1rios modelos nos quais se podem inspirar, depois \u00e9 colocar as m\u00e3os na massa! O ouro 19.2Kt tem caracter\u00edsticas que juntamente com algumas ferramentas ajudam a moldar as vossas alian\u00e7as, tornando-a \u00fanica e resistente.<\/p>\n<p>Esta experi\u00eancia tem a dura\u00e7\u00e3o de 5 horas (aproximadamente) e como queremos que guardem este momento, todo o processo ser\u00e1 fotografado pela nossa equipa.<\/p>\n<p>Quando a experi\u00eancia terminar, os noivos saem com um par de alian\u00e7as fabricado pelas m\u00e3os da sua cara metade, com um significado especial.<\/p>","protected":false},"excerpt":{"rendered":"<p>Criar alian\u00e7as de casamento a dois \u00e9 uma experi\u00eancia que permite que ambos mergulhem profundamente no significado do compromisso, enquanto partilham momentos \u00fanicos.<br \/>\nCada martelada, cada curva e cada detalhe s\u00e3o infundidos com as vossas mem\u00f3rias e desejos.<\/p>\n<p><strong>E o resultado final?<\/strong>\u00a0Uma alian\u00e7a verdadeiramente \u00fanica, que carrega consigo muito mais do que um s\u00edmbolo de amor eterno.<\/p>\n<p>Carrega a vossa hist\u00f3ria, as vossas decis\u00f5es conjuntas e os vossos momentos a dois. Uma joia que vos far\u00e1 recordar aquele dia especial onde, juntos, deram forma ao amor que vos une.<\/p>","protected":false},"featured_media":666,"template":"","meta":{"_acf_changed":false,"_monsterinsights_skip_tracking":false,"_monsterinsights_sitenote_active":false,"_monsterinsights_sitenote_note":"","_monsterinsights_sitenote_category":0},"product_brand":[],"product_cat":[25],"product_tag":[],"class_list":{"0":"post-739","1":"product","2":"type-product","3":"status-publish","4":"has-post-thumbnail","6":"product_cat-experiencias","8":"first","9":"instock","10":"virtual","11":"taxable","12":"purchasable","13":"product-type-simple"},"acf":[],"_links":{"self":[{"href":"https:\/\/atelierbycatarino.pt\/en\/wp-json\/wp\/v2\/product\/739","targetHints":{"allow":["GET"]}}],"collection":[{"href":"https:\/\/atelierbycatarino.pt\/en\/wp-json\/wp\/v2\/product"}],"about":[{"href":"https:\/\/atelierbycatarino.pt\/en\/wp-json\/wp\/v2\/types\/product"}],"version-history":[{"count":20,"href":"https:\/\/atelierbycatarino.pt\/en\/wp-json\/wp\/v2\/product\/739\/revisions"}],"predecessor-version":[{"id":3987,"href":"https:\/\/atelierbycatarino.pt\/en\/wp-json\/wp\/v2\/product\/739\/revisions\/3987"}],"wp:featuredmedia":[{"embeddable":true,"href":"https:\/\/atelierbycatarino.pt\/en\/wp-json\/wp\/v2\/media\/666"}],"wp:attachment":[{"href":"https:\/\/atelierbycatarino.pt\/en\/wp-json\/wp\/v2\/media?parent=739"}],"wp:term":[{"taxonomy":"product_brand","embeddable":true,"href":"https:\/\/atelierbycatarino.pt\/en\/wp-json\/wp\/v2\/product_brand?post=739"},{"taxonomy":"product_cat","embeddable":true,"href":"https:\/\/atelierbycatarino.pt\/en\/wp-json\/wp\/v2\/product_cat?post=739"},{"taxonomy":"product_tag","embeddable":true,"href":"https:\/\/atelierbycatarino.pt\/en\/wp-json\/wp\/v2\/product_tag?post=739"}],"curies":[{"name":"wp","href":"https:\/\/api.w.org\/{rel}","templated":true}]}}