{"id":3058,"date":"2024-07-10T11:15:52","date_gmt":"2024-07-10T11:15:52","guid":{"rendered":"https:\/\/atelierbycatarino.pt\/?post_type=product&#038;p=3058"},"modified":"2025-07-30T15:54:54","modified_gmt":"2025-07-30T15:54:54","slug":"joia-de-familia","status":"publish","type":"product","link":"https:\/\/atelierbycatarino.pt\/en\/product\/joia-de-familia\/","title":{"rendered":"Joia de Fam\u00edlia"},"content":{"rendered":"","protected":false},"excerpt":{"rendered":"<p>A fam\u00edlia \u00e9 o alicerce das nossas vidas, uma joia de fam\u00edlia, passada de gera\u00e7\u00e3o em gera\u00e7\u00e3o, simboliza conex\u00f5es emocionais, unindo o passado e o presente. Fortalece os la\u00e7os que nos mant\u00e9m unidos. Mais do que um adorno, \u00e9 um tesouro de mem\u00f3rias e sentimentos compartilhados.<\/p>","protected":false},"featured_media":3046,"template":"","meta":{"_acf_changed":false,"_monsterinsights_skip_tracking":false,"_monsterinsights_sitenote_active":false,"_monsterinsights_sitenote_note":"","_monsterinsights_sitenote_category":0},"product_brand":[],"product_cat":[25],"product_tag":[],"class_list":{"0":"post-3058","1":"product","2":"type-product","3":"status-publish","4":"has-post-thumbnail","6":"product_cat-experiencias","8":"first","9":"outofstock","10":"taxable","11":"shipping-taxable","12":"product-type-simple"},"acf":[],"_links":{"self":[{"href":"https:\/\/atelierbycatarino.pt\/en\/wp-json\/wp\/v2\/product\/3058","targetHints":{"allow":["GET"]}}],"collection":[{"href":"https:\/\/atelierbycatarino.pt\/en\/wp-json\/wp\/v2\/product"}],"about":[{"href":"https:\/\/atelierbycatarino.pt\/en\/wp-json\/wp\/v2\/types\/product"}],"version-history":[{"count":4,"href":"https:\/\/atelierbycatarino.pt\/en\/wp-json\/wp\/v2\/product\/3058\/revisions"}],"predecessor-version":[{"id":3854,"href":"https:\/\/atelierbycatarino.pt\/en\/wp-json\/wp\/v2\/product\/3058\/revisions\/3854"}],"wp:featuredmedia":[{"embeddable":true,"href":"https:\/\/atelierbycatarino.pt\/en\/wp-json\/wp\/v2\/media\/3046"}],"wp:attachment":[{"href":"https:\/\/atelierbycatarino.pt\/en\/wp-json\/wp\/v2\/media?parent=3058"}],"wp:term":[{"taxonomy":"product_brand","embeddable":true,"href":"https:\/\/atelierbycatarino.pt\/en\/wp-json\/wp\/v2\/product_brand?post=3058"},{"taxonomy":"product_cat","embeddable":true,"href":"https:\/\/atelierbycatarino.pt\/en\/wp-json\/wp\/v2\/product_cat?post=3058"},{"taxonomy":"product_tag","embeddable":true,"href":"https:\/\/atelierbycatarino.pt\/en\/wp-json\/wp\/v2\/product_tag?post=3058"}],"curies":[{"name":"wp","href":"https:\/\/api.w.org\/{rel}","templated":true}]}}