{"id":3031,"date":"2024-07-09T15:53:55","date_gmt":"2024-07-09T15:53:55","guid":{"rendered":"https:\/\/atelierbycatarino.pt\/?post_type=product&#038;p=3031"},"modified":"2025-06-04T14:01:51","modified_gmt":"2025-06-04T14:01:51","slug":"a-joia-que-nos-une","status":"publish","type":"product","link":"https:\/\/atelierbycatarino.pt\/en\/product\/a-joia-que-nos-une\/","title":{"rendered":"A Joia que nos Une"},"content":{"rendered":"","protected":false},"excerpt":{"rendered":"<p>A vida \u00e9 feita de momentos \u00fanicos, risos sinceros e apoio incondicional. A vida, com todas as suas incertezas e desafios, torna-se mais leve gra\u00e7as \u00e0 conex\u00e3o sincera partilhada com amigos, com um companheiro e familiares. Atrav\u00e9s desta experi\u00eancia consegue traduzir, atrav\u00e9s de uma joia, a liga\u00e7\u00e3o que tem com algu\u00e9m especial.<\/p>","protected":false},"featured_media":2996,"template":"","meta":{"_acf_changed":false,"_monsterinsights_skip_tracking":false,"_monsterinsights_sitenote_active":false,"_monsterinsights_sitenote_note":"","_monsterinsights_sitenote_category":0},"product_brand":[],"product_cat":[25],"product_tag":[],"class_list":{"0":"post-3031","1":"product","2":"type-product","3":"status-publish","4":"has-post-thumbnail","6":"product_cat-experiencias","8":"first","9":"instock","10":"taxable","11":"shipping-taxable","12":"purchasable","13":"product-type-variable"},"acf":[],"_links":{"self":[{"href":"https:\/\/atelierbycatarino.pt\/en\/wp-json\/wp\/v2\/product\/3031","targetHints":{"allow":["GET"]}}],"collection":[{"href":"https:\/\/atelierbycatarino.pt\/en\/wp-json\/wp\/v2\/product"}],"about":[{"href":"https:\/\/atelierbycatarino.pt\/en\/wp-json\/wp\/v2\/types\/product"}],"version-history":[{"count":4,"href":"https:\/\/atelierbycatarino.pt\/en\/wp-json\/wp\/v2\/product\/3031\/revisions"}],"predecessor-version":[{"id":3702,"href":"https:\/\/atelierbycatarino.pt\/en\/wp-json\/wp\/v2\/product\/3031\/revisions\/3702"}],"wp:featuredmedia":[{"embeddable":true,"href":"https:\/\/atelierbycatarino.pt\/en\/wp-json\/wp\/v2\/media\/2996"}],"wp:attachment":[{"href":"https:\/\/atelierbycatarino.pt\/en\/wp-json\/wp\/v2\/media?parent=3031"}],"wp:term":[{"taxonomy":"product_brand","embeddable":true,"href":"https:\/\/atelierbycatarino.pt\/en\/wp-json\/wp\/v2\/product_brand?post=3031"},{"taxonomy":"product_cat","embeddable":true,"href":"https:\/\/atelierbycatarino.pt\/en\/wp-json\/wp\/v2\/product_cat?post=3031"},{"taxonomy":"product_tag","embeddable":true,"href":"https:\/\/atelierbycatarino.pt\/en\/wp-json\/wp\/v2\/product_tag?post=3031"}],"curies":[{"name":"wp","href":"https:\/\/api.w.org\/{rel}","templated":true}]}}