{"id":2128,"date":"2024-04-12T12:32:35","date_gmt":"2024-04-12T12:32:35","guid":{"rendered":"https:\/\/atelierbycatarino.pt\/?post_type=product&#038;p=2128"},"modified":"2025-07-16T15:57:09","modified_gmt":"2025-07-16T15:57:09","slug":"aniversario-com-estilo","status":"publish","type":"product","link":"https:\/\/atelierbycatarino.pt\/en\/product\/aniversario-com-estilo\/","title":{"rendered":"Anivers\u00e1rio com estilo"},"content":{"rendered":"<p data-start=\"186\" data-end=\"400\">O anivers\u00e1rio n\u00e3o \u00e9 s\u00f3 mais um dia \u2014 \u00e9 a sua hist\u00f3ria a ganhar mais um cap\u00edtulo. \u00c9 olhar para tr\u00e1s, lembrar momentos marcantes e sorrir com o que ainda est\u00e1 para vir. E se o pr\u00f3ximo cap\u00edtulo fosse escrito connosco?\u00a0Porque o seu anivers\u00e1rio merece ser muito mais do que s\u00f3 bolo e velas.<\/p>\n<p data-start=\"851\" data-end=\"894\">Vamos criar, juntos, algo \u00e0 sua medida?<\/p>","protected":false},"excerpt":{"rendered":"<p>O anivers\u00e1rio n\u00e3o \u00e9 s\u00f3 mais um dia \u2014 \u00e9 a sua hist\u00f3ria a ganhar mais um cap\u00edtulo. \u00c9 olhar para tr\u00e1s, lembrar momentos marcantes e sorrir com o que ainda est\u00e1 para vir. E se o pr\u00f3ximo cap\u00edtulo fosse escrito connosco?\u00a0Porque o seu anivers\u00e1rio merece ser muito mais do que s\u00f3 bolo e velas. [&hellip;]<\/p>","protected":false},"featured_media":1648,"template":"","meta":{"_acf_changed":false,"_monsterinsights_skip_tracking":false,"_monsterinsights_sitenote_active":false,"_monsterinsights_sitenote_note":"","_monsterinsights_sitenote_category":0},"product_brand":[],"product_cat":[25],"product_tag":[],"class_list":{"0":"post-2128","1":"product","2":"type-product","3":"status-publish","4":"has-post-thumbnail","6":"product_cat-experiencias","8":"first","9":"instock","10":"taxable","11":"shipping-taxable","12":"purchasable","13":"product-type-variable"},"acf":[],"_links":{"self":[{"href":"https:\/\/atelierbycatarino.pt\/en\/wp-json\/wp\/v2\/product\/2128","targetHints":{"allow":["GET"]}}],"collection":[{"href":"https:\/\/atelierbycatarino.pt\/en\/wp-json\/wp\/v2\/product"}],"about":[{"href":"https:\/\/atelierbycatarino.pt\/en\/wp-json\/wp\/v2\/types\/product"}],"version-history":[{"count":5,"href":"https:\/\/atelierbycatarino.pt\/en\/wp-json\/wp\/v2\/product\/2128\/revisions"}],"predecessor-version":[{"id":3812,"href":"https:\/\/atelierbycatarino.pt\/en\/wp-json\/wp\/v2\/product\/2128\/revisions\/3812"}],"wp:featuredmedia":[{"embeddable":true,"href":"https:\/\/atelierbycatarino.pt\/en\/wp-json\/wp\/v2\/media\/1648"}],"wp:attachment":[{"href":"https:\/\/atelierbycatarino.pt\/en\/wp-json\/wp\/v2\/media?parent=2128"}],"wp:term":[{"taxonomy":"product_brand","embeddable":true,"href":"https:\/\/atelierbycatarino.pt\/en\/wp-json\/wp\/v2\/product_brand?post=2128"},{"taxonomy":"product_cat","embeddable":true,"href":"https:\/\/atelierbycatarino.pt\/en\/wp-json\/wp\/v2\/product_cat?post=2128"},{"taxonomy":"product_tag","embeddable":true,"href":"https:\/\/atelierbycatarino.pt\/en\/wp-json\/wp\/v2\/product_tag?post=2128"}],"curies":[{"name":"wp","href":"https:\/\/api.w.org\/{rel}","templated":true}]}}