{"id":2056,"date":"2024-04-12T08:59:32","date_gmt":"2024-04-12T08:59:32","guid":{"rendered":"https:\/\/atelierbycatarino.pt\/?post_type=product&#038;p=2056"},"modified":"2024-08-26T11:12:56","modified_gmt":"2024-08-26T11:12:56","slug":"workshop-filigrana-com-susana-teixeira","status":"publish","type":"product","link":"https:\/\/atelierbycatarino.pt\/en\/product\/workshop-filigrana-com-susana-teixeira\/","title":{"rendered":"Workshop Filigrana com Susana Teixeira"},"content":{"rendered":"","protected":false},"excerpt":{"rendered":"<p><strong>Descri\u00e7\u00e3o Workshop<\/strong><\/p>\n<p>Neste workshop ser\u00e1 introduzida e exemplificada a t\u00e9cnica tradicional portuguesa de enchimento de filigrana. Os participantes ter\u00e3o a oportunidade de realizar um pendente em prata 925 que levar\u00e3o consigo no fim da forma\u00e7\u00e3o. <strong>N\u00e3o \u00e9 necess\u00e1ria experi\u00eancia pr\u00e9via<\/strong><br \/>\n<strong>para participar no workshop!<br \/>\n<\/strong><em>Os fios de prata, a solda de filigrana e o material espec\u00edfico para a realiza\u00e7\u00e3o do workshop, ser\u00e3o fornecidos aos participantes no in\u00edcio do curso.<\/em><\/p>\n<p><strong>Objetivos<\/strong><\/p>\n<p>&#8211; conhecer os tipos de fios utilizados na realiza\u00e7\u00e3o da estrutura e do enchimento de filigrana<br \/>\n&#8211; conhecer os tipos de enchimento de filigrana<br \/>\n&#8211; encher uma estrutura com os diferentes tipos de filigrana<br \/>\n&#8211; soldar filigrana<br \/>\n&#8211; conhecer as diferentes t\u00e9cnicas de dar o acabamento \u00e0 filigrana<\/p>\n<p><strong>Convidada<\/strong><\/p>\n<p><strong> Susana Teixeira<\/strong> | Descobriu a joalharia contempor\u00e2nea em 2005. Na altura trabalhava como professora de Matem\u00e1tica, mas a vontade de criar com as pr\u00f3prias m\u00e3os, foi a motiva\u00e7\u00e3o para come\u00e7ar a sua forma\u00e7\u00e3o em joalharia.<br \/>\nInspirada pela geometria e pelos detalhes, explora t\u00e9cnicas t\u00e3o distintas como a filigrana e as ceras perdidas, criando um universo de pe\u00e7as que, sendo t\u00e3o diferentes entre si, falam uma linguagem comum. Vive e trabalha em Bolzano, a cidade que adotou, junto aos Alpes italianos.<\/p>","protected":false},"featured_media":1891,"template":"","meta":{"_acf_changed":false,"_monsterinsights_skip_tracking":false,"_monsterinsights_sitenote_active":false,"_monsterinsights_sitenote_note":"","_monsterinsights_sitenote_category":0},"product_brand":[],"product_cat":[37],"product_tag":[],"class_list":{"0":"post-2056","1":"product","2":"type-product","3":"status-publish","4":"has-post-thumbnail","6":"product_cat-oficina-do-especialista","8":"first","9":"instock","10":"taxable","11":"shipping-taxable","12":"purchasable","13":"product-type-variable"},"acf":[],"_links":{"self":[{"href":"https:\/\/atelierbycatarino.pt\/en\/wp-json\/wp\/v2\/product\/2056","targetHints":{"allow":["GET"]}}],"collection":[{"href":"https:\/\/atelierbycatarino.pt\/en\/wp-json\/wp\/v2\/product"}],"about":[{"href":"https:\/\/atelierbycatarino.pt\/en\/wp-json\/wp\/v2\/types\/product"}],"version-history":[{"count":2,"href":"https:\/\/atelierbycatarino.pt\/en\/wp-json\/wp\/v2\/product\/2056\/revisions"}],"predecessor-version":[{"id":2063,"href":"https:\/\/atelierbycatarino.pt\/en\/wp-json\/wp\/v2\/product\/2056\/revisions\/2063"}],"wp:featuredmedia":[{"embeddable":true,"href":"https:\/\/atelierbycatarino.pt\/en\/wp-json\/wp\/v2\/media\/1891"}],"wp:attachment":[{"href":"https:\/\/atelierbycatarino.pt\/en\/wp-json\/wp\/v2\/media?parent=2056"}],"wp:term":[{"taxonomy":"product_brand","embeddable":true,"href":"https:\/\/atelierbycatarino.pt\/en\/wp-json\/wp\/v2\/product_brand?post=2056"},{"taxonomy":"product_cat","embeddable":true,"href":"https:\/\/atelierbycatarino.pt\/en\/wp-json\/wp\/v2\/product_cat?post=2056"},{"taxonomy":"product_tag","embeddable":true,"href":"https:\/\/atelierbycatarino.pt\/en\/wp-json\/wp\/v2\/product_tag?post=2056"}],"curies":[{"name":"wp","href":"https:\/\/api.w.org\/{rel}","templated":true}]}}