{"id":1786,"date":"2024-04-11T09:35:51","date_gmt":"2024-04-11T09:35:51","guid":{"rendered":"https:\/\/atelierbycatarino.pt\/?post_type=product&#038;p=1786"},"modified":"2025-02-18T10:58:52","modified_gmt":"2025-02-18T10:58:52","slug":"uma-joia-especial-mae","status":"publish","type":"product","link":"https:\/\/atelierbycatarino.pt\/en\/product\/uma-joia-especial-mae\/","title":{"rendered":"Uma joia especial &#8211; M\u00e3e"},"content":{"rendered":"<p>Nesta experi\u00eancia vai puder ter a oportunidade de participar na produ\u00e7\u00e3o da joia para a pessoa mais especial da sua vida, a m\u00e3e.Durante todo o processo ser\u00e1 acompanhado por um profissional que lhe explicar\u00e1\u00a0 os passos e o guiar\u00e1 durante todas as etapas.Os procedimentos realizados neste processo s\u00e3o: fundir, laminar, trefilar, serrar, limar, lixar e participar nos acabamentos da pe\u00e7a como polir e\/ou martelar.<\/p>","protected":false},"excerpt":{"rendered":"<p>Na v\u00e9spera de um grande passo, as amizades tornam-se as protagonistas de uma narrativa repleta de cumplicidade e afeto. \u00c9 entre risos compartilhados e olhares c\u00famplices que nasce a inspira\u00e7\u00e3o para uma pe\u00e7a que encapsula todas as hist\u00f3rias e sonhos partilhados.<\/p>","protected":false},"featured_media":1778,"template":"","meta":{"_acf_changed":false,"_monsterinsights_skip_tracking":false,"_monsterinsights_sitenote_active":false,"_monsterinsights_sitenote_note":"","_monsterinsights_sitenote_category":0},"product_brand":[],"product_cat":[25],"product_tag":[],"class_list":{"0":"post-1786","1":"product","2":"type-product","3":"status-publish","4":"has-post-thumbnail","6":"product_cat-experiencias","8":"first","9":"instock","10":"taxable","11":"shipping-taxable","12":"purchasable","13":"product-type-variable"},"acf":[],"_links":{"self":[{"href":"https:\/\/atelierbycatarino.pt\/en\/wp-json\/wp\/v2\/product\/1786","targetHints":{"allow":["GET"]}}],"collection":[{"href":"https:\/\/atelierbycatarino.pt\/en\/wp-json\/wp\/v2\/product"}],"about":[{"href":"https:\/\/atelierbycatarino.pt\/en\/wp-json\/wp\/v2\/types\/product"}],"version-history":[{"count":12,"href":"https:\/\/atelierbycatarino.pt\/en\/wp-json\/wp\/v2\/product\/1786\/revisions"}],"predecessor-version":[{"id":3603,"href":"https:\/\/atelierbycatarino.pt\/en\/wp-json\/wp\/v2\/product\/1786\/revisions\/3603"}],"wp:featuredmedia":[{"embeddable":true,"href":"https:\/\/atelierbycatarino.pt\/en\/wp-json\/wp\/v2\/media\/1778"}],"wp:attachment":[{"href":"https:\/\/atelierbycatarino.pt\/en\/wp-json\/wp\/v2\/media?parent=1786"}],"wp:term":[{"taxonomy":"product_brand","embeddable":true,"href":"https:\/\/atelierbycatarino.pt\/en\/wp-json\/wp\/v2\/product_brand?post=1786"},{"taxonomy":"product_cat","embeddable":true,"href":"https:\/\/atelierbycatarino.pt\/en\/wp-json\/wp\/v2\/product_cat?post=1786"},{"taxonomy":"product_tag","embeddable":true,"href":"https:\/\/atelierbycatarino.pt\/en\/wp-json\/wp\/v2\/product_tag?post=1786"}],"curies":[{"name":"wp","href":"https:\/\/api.w.org\/{rel}","templated":true}]}}