{"id":958,"date":"2024-04-09T10:28:42","date_gmt":"2024-04-09T10:28:42","guid":{"rendered":"https:\/\/atelierbycatarino.pt\/?page_id=958"},"modified":"2024-11-22T16:15:05","modified_gmt":"2024-11-22T16:15:05","slug":"workshops","status":"publish","type":"page","link":"https:\/\/atelierbycatarino.pt\/en\/workshops\/","title":{"rendered":"Workshops"},"content":{"rendered":"<div data-elementor-type=\"wp-page\" data-elementor-id=\"958\" class=\"elementor elementor-958\" data-elementor-post-type=\"page\">\n\t\t\t\t<div class=\"elementor-element elementor-element-6fa5a345 e-flex e-con-boxed e-con e-parent\" data-id=\"6fa5a345\" data-element_type=\"container\" data-settings=\"{&quot;background_background&quot;:&quot;classic&quot;}\">\n\t\t\t\t\t<div class=\"e-con-inner\">\n\t\t<div class=\"elementor-element elementor-element-16294705 e-flex e-con-boxed e-con e-child\" data-id=\"16294705\" data-element_type=\"container\" data-settings=\"{&quot;background_background&quot;:&quot;classic&quot;}\">\n\t\t\t\t\t<div class=\"e-con-inner\">\n\t\t\t\t<div class=\"elementor-element elementor-element-65c2979 elementor-widget elementor-widget-heading\" data-id=\"65c2979\" data-element_type=\"widget\" data-widget_type=\"heading.default\">\n\t\t\t\t<div class=\"elementor-widget-container\">\n\t\t\t<h1 class=\"elementor-heading-title elementor-size-default\">Workshops<\/h1>\t\t<\/div>\n\t\t\t\t<\/div>\n\t\t\t\t<div class=\"elementor-element elementor-element-6d07c982 elementor-widget__width-initial elementor-widget elementor-widget-heading\" data-id=\"6d07c982\" data-element_type=\"widget\" data-widget_type=\"heading.default\">\n\t\t\t\t<div class=\"elementor-widget-container\">\n\t\t\t<p class=\"elementor-heading-title elementor-size-default\">If you have always been curious about the process of creating a unique piece or simply want to explore a new talent, our workshops are the ideal starting point.<\/p>\t\t<\/div>\n\t\t\t\t<\/div>\n\t\t\t\t<div class=\"elementor-element elementor-element-c8cc093 elementor-widget__width-initial elementor-widget elementor-widget-heading\" data-id=\"c8cc093\" data-element_type=\"widget\" data-widget_type=\"heading.default\">\n\t\t\t\t<div class=\"elementor-widget-container\">\n\t\t\t<p class=\"elementor-heading-title elementor-size-default\">Aqui, a arte e a paix\u00e3o fundem-se numa experi\u00eancia imersiva. Guiado por artes\u00e3os experientes, ter\u00e1 a oportunidade de mergulhar nos segredos e t\u00e9cnicas tradicionais da alta joalharia. Desde a sele\u00e7\u00e3o dos materiais \u00e0 arte da modelagem e acabamento, cada passo \u00e9 uma descoberta.<\/p>\t\t<\/div>\n\t\t\t\t<\/div>\n\t\t\t\t\t<\/div>\n\t\t\t\t<\/div>\n\t\t\t\t\t<\/div>\n\t\t\t\t<\/div>\n\t\t<div class=\"elementor-element elementor-element-cc7eeee e-flex e-con-boxed e-con e-parent\" data-id=\"cc7eeee\" data-element_type=\"container\">\n\t\t\t\t\t<div class=\"e-con-inner\">\n\t\t\t\t<div class=\"elementor-element elementor-element-11cdc1b elementor-widget elementor-widget-heading\" data-id=\"11cdc1b\" data-element_type=\"widget\" data-widget_type=\"heading.default\">\n\t\t\t\t<div class=\"elementor-widget-container\">\n\t\t\t<h1 class=\"elementor-heading-title elementor-size-default\">Todos os<br>nossos workshops<\/h1>\t\t<\/div>\n\t\t\t\t<\/div>\n\t\t\t\t\t<\/div>\n\t\t\t\t<\/div>\n\t\t<div class=\"elementor-element elementor-element-b05f2b4 e-flex e-con-boxed e-con e-parent\" data-id=\"b05f2b4\" data-element_type=\"container\">\n\t\t\t\t\t<div class=\"e-con-inner\">\n\t\t<a class=\"elementor-element elementor-element-0c6c7b3 e-con-full e-flex e-con e-child\" data-id=\"0c6c7b3\" data-element_type=\"container\" href=\"https:\/\/atelierbycatarino.pt\/en\/workshops\/aneis-delicados\/\">\n\t\t\t\t<div class=\"elementor-element elementor-element-d1c58ef elementor-widget elementor-widget-image\" data-id=\"d1c58ef\" data-element_type=\"widget\" data-widget_type=\"image.default\">\n\t\t\t\t<div class=\"elementor-widget-container\">\n\t\t\t\t\t\t\t\t\t\t\t\t\t<img fetchpriority=\"high\" decoding=\"async\" width=\"2560\" height=\"1707\" src=\"https:\/\/atelierbycatarino.pt\/wp-content\/uploads\/2024\/08\/DSC03589-scaled.jpg\" class=\"attachment-full size-full wp-image-3180\" alt=\"\" srcset=\"https:\/\/atelierbycatarino.pt\/wp-content\/uploads\/2024\/08\/DSC03589-scaled.jpg 2560w, https:\/\/atelierbycatarino.pt\/wp-content\/uploads\/2024\/08\/DSC03589-300x200.jpg 300w, https:\/\/atelierbycatarino.pt\/wp-content\/uploads\/2024\/08\/DSC03589-1024x683.jpg 1024w, https:\/\/atelierbycatarino.pt\/wp-content\/uploads\/2024\/08\/DSC03589-768x512.jpg 768w, https:\/\/atelierbycatarino.pt\/wp-content\/uploads\/2024\/08\/DSC03589-1536x1024.jpg 1536w, https:\/\/atelierbycatarino.pt\/wp-content\/uploads\/2024\/08\/DSC03589-2048x1365.jpg 2048w, https:\/\/atelierbycatarino.pt\/wp-content\/uploads\/2024\/08\/DSC03589-18x12.jpg 18w, https:\/\/atelierbycatarino.pt\/wp-content\/uploads\/2024\/08\/DSC03589-600x400.jpg 600w\" sizes=\"(max-width: 2560px) 100vw, 2560px\" \/>\t\t\t\t\t\t\t\t\t\t\t\t\t<\/div>\n\t\t\t\t<\/div>\n\t\t\t\t<div class=\"elementor-element elementor-element-53de931 elementor-widget elementor-widget-heading\" data-id=\"53de931\" data-element_type=\"widget\" data-widget_type=\"heading.default\">\n\t\t\t\t<div class=\"elementor-widget-container\">\n\t\t\t<h2 class=\"elementor-heading-title elementor-size-default\">An\u00e9is delicados<\/h2>\t\t<\/div>\n\t\t\t\t<\/div>\n\t\t\t\t<div class=\"elementor-element elementor-element-4fc1959 elementor-widget elementor-widget-heading\" data-id=\"4fc1959\" data-element_type=\"widget\" data-widget_type=\"heading.default\">\n\t\t\t\t<div class=\"elementor-widget-container\">\n\t\t\t<p class=\"elementor-heading-title elementor-size-default\"><b> Cheios de estilo, feitos \u00e0 sua medida!<\/b><\/p>\t\t<\/div>\n\t\t\t\t<\/div>\n\t\t\t\t<\/a>\n\t\t<a class=\"elementor-element elementor-element-69dc8d7 e-con-full e-flex e-con e-child\" data-id=\"69dc8d7\" data-element_type=\"container\" href=\"https:\/\/atelierbycatarino.pt\/en\/workshops\/pulseiras-tipo-escrava\/\">\n\t\t\t\t<div class=\"elementor-element elementor-element-fb07692 elementor-widget elementor-widget-image\" data-id=\"fb07692\" data-element_type=\"widget\" data-widget_type=\"image.default\">\n\t\t\t\t<div class=\"elementor-widget-container\">\n\t\t\t\t\t\t\t\t\t\t\t\t\t<img decoding=\"async\" width=\"800\" height=\"800\" src=\"https:\/\/atelierbycatarino.pt\/wp-content\/uploads\/2024\/04\/cescrava.jpg\" class=\"attachment-full size-full wp-image-2335\" alt=\"\" srcset=\"https:\/\/atelierbycatarino.pt\/wp-content\/uploads\/2024\/04\/cescrava.jpg 800w, https:\/\/atelierbycatarino.pt\/wp-content\/uploads\/2024\/04\/cescrava-300x300.jpg 300w, https:\/\/atelierbycatarino.pt\/wp-content\/uploads\/2024\/04\/cescrava-150x150.jpg 150w, https:\/\/atelierbycatarino.pt\/wp-content\/uploads\/2024\/04\/cescrava-768x768.jpg 768w, https:\/\/atelierbycatarino.pt\/wp-content\/uploads\/2024\/04\/cescrava-12x12.jpg 12w, https:\/\/atelierbycatarino.pt\/wp-content\/uploads\/2024\/04\/cescrava-600x600.jpg 600w, https:\/\/atelierbycatarino.pt\/wp-content\/uploads\/2024\/04\/cescrava-100x100.jpg 100w\" sizes=\"(max-width: 800px) 100vw, 800px\" \/>\t\t\t\t\t\t\t\t\t\t\t\t\t<\/div>\n\t\t\t\t<\/div>\n\t\t\t\t<div class=\"elementor-element elementor-element-bc463c5 elementor-widget elementor-widget-heading\" data-id=\"bc463c5\" data-element_type=\"widget\" data-widget_type=\"heading.default\">\n\t\t\t\t<div class=\"elementor-widget-container\">\n\t\t\t<h2 class=\"elementor-heading-title elementor-size-default\">Pulseiras tipo escrava<\/h2>\t\t<\/div>\n\t\t\t\t<\/div>\n\t\t\t\t<div class=\"elementor-element elementor-element-1951408 elementor-widget elementor-widget-heading\" data-id=\"1951408\" data-element_type=\"widget\" data-widget_type=\"heading.default\">\n\t\t\t\t<div class=\"elementor-widget-container\">\n\t\t\t<p class=\"elementor-heading-title elementor-size-default\"><b> Uma pulseira feita por si, para si!<\/b><\/p>\t\t<\/div>\n\t\t\t\t<\/div>\n\t\t\t\t<\/a>\n\t\t<a class=\"elementor-element elementor-element-f5f29f5 e-con-full e-flex e-con e-child\" data-id=\"f5f29f5\" data-element_type=\"container\">\n\t\t\t\t<div class=\"elementor-element elementor-element-5ebbb03 elementor-widget elementor-widget-image\" data-id=\"5ebbb03\" data-element_type=\"widget\" data-widget_type=\"image.default\">\n\t\t\t\t<div class=\"elementor-widget-container\">\n\t\t\t\t\t\t\t\t\t\t\t\t\t<img decoding=\"async\" width=\"843\" height=\"748\" src=\"https:\/\/atelierbycatarino.pt\/wp-content\/uploads\/2024\/04\/Drafts-5-1-1.png\" class=\"attachment-full size-full wp-image-2220\" alt=\"\" srcset=\"https:\/\/atelierbycatarino.pt\/wp-content\/uploads\/2024\/04\/Drafts-5-1-1.png 843w, https:\/\/atelierbycatarino.pt\/wp-content\/uploads\/2024\/04\/Drafts-5-1-1-300x266.png 300w, https:\/\/atelierbycatarino.pt\/wp-content\/uploads\/2024\/04\/Drafts-5-1-1-768x681.png 768w, https:\/\/atelierbycatarino.pt\/wp-content\/uploads\/2024\/04\/Drafts-5-1-1-14x12.png 14w, https:\/\/atelierbycatarino.pt\/wp-content\/uploads\/2024\/04\/Drafts-5-1-1-600x532.png 600w\" sizes=\"(max-width: 843px) 100vw, 843px\" \/>\t\t\t\t\t\t\t\t\t\t\t\t\t<\/div>\n\t\t\t\t<\/div>\n\t\t\t\t<div class=\"elementor-element elementor-element-8cda524 elementor-widget elementor-widget-heading\" data-id=\"8cda524\" data-element_type=\"widget\" data-widget_type=\"heading.default\">\n\t\t\t\t<div class=\"elementor-widget-container\">\n\t\t\t<h2 class=\"elementor-heading-title elementor-size-default\">Brincos exuberantes<\/h2>\t\t<\/div>\n\t\t\t\t<\/div>\n\t\t\t\t<div class=\"elementor-element elementor-element-c7330b1 elementor-widget elementor-widget-heading\" data-id=\"c7330b1\" data-element_type=\"widget\" data-widget_type=\"heading.default\">\n\t\t\t\t<div class=\"elementor-widget-container\">\n\t\t\t<p class=\"elementor-heading-title elementor-size-default\"><b> Brevemente <\/b><\/p>\t\t<\/div>\n\t\t\t\t<\/div>\n\t\t\t\t<\/a>\n\t\t<a class=\"elementor-element elementor-element-7532edf e-con-full e-flex e-con e-child\" data-id=\"7532edf\" data-element_type=\"container\" href=\"https:\/\/atelierbycatarino.pt\/en\/workshops\/cuide-do-seu-relogio\/\">\n\t\t\t\t<div class=\"elementor-element elementor-element-e4e2659 elementor-widget elementor-widget-image\" data-id=\"e4e2659\" data-element_type=\"widget\" data-widget_type=\"image.default\">\n\t\t\t\t<div class=\"elementor-widget-container\">\n\t\t\t\t\t\t\t\t\t\t\t\t\t<img loading=\"lazy\" decoding=\"async\" width=\"834\" height=\"748\" src=\"https:\/\/atelierbycatarino.pt\/wp-content\/uploads\/2024\/04\/Drafts-6-1.png\" class=\"attachment-full size-full wp-image-980\" alt=\"\" srcset=\"https:\/\/atelierbycatarino.pt\/wp-content\/uploads\/2024\/04\/Drafts-6-1.png 834w, https:\/\/atelierbycatarino.pt\/wp-content\/uploads\/2024\/04\/Drafts-6-1-600x538.png 600w, https:\/\/atelierbycatarino.pt\/wp-content\/uploads\/2024\/04\/Drafts-6-1-300x269.png 300w, https:\/\/atelierbycatarino.pt\/wp-content\/uploads\/2024\/04\/Drafts-6-1-768x689.png 768w, https:\/\/atelierbycatarino.pt\/wp-content\/uploads\/2024\/04\/Drafts-6-1-13x12.png 13w\" sizes=\"(max-width: 834px) 100vw, 834px\" \/>\t\t\t\t\t\t\t\t\t\t\t\t\t<\/div>\n\t\t\t\t<\/div>\n\t\t\t\t<div class=\"elementor-element elementor-element-9b6f636 elementor-widget elementor-widget-heading\" data-id=\"9b6f636\" data-element_type=\"widget\" data-widget_type=\"heading.default\">\n\t\t\t\t<div class=\"elementor-widget-container\">\n\t\t\t<h2 class=\"elementor-heading-title elementor-size-default\">Cuide do seu rel\u00f3gio<\/h2>\t\t<\/div>\n\t\t\t\t<\/div>\n\t\t\t\t<div class=\"elementor-element elementor-element-2e06563 elementor-widget elementor-widget-heading\" data-id=\"2e06563\" data-element_type=\"widget\" data-widget_type=\"heading.default\">\n\t\t\t\t<div class=\"elementor-widget-container\">\n\t\t\t<p class=\"elementor-heading-title elementor-size-default\"><b> Ajuste os ponteiros do tempo e d\u00ea uma nova vida aos seus rel\u00f3gios. <\/b><\/p>\t\t<\/div>\n\t\t\t\t<\/div>\n\t\t\t\t<\/a>\n\t\t<a class=\"elementor-element elementor-element-2318cdb e-con-full e-flex e-con e-child\" data-id=\"2318cdb\" data-element_type=\"container\">\n\t\t\t\t<div class=\"elementor-element elementor-element-fc45160 elementor-widget elementor-widget-image\" data-id=\"fc45160\" data-element_type=\"widget\" data-widget_type=\"image.default\">\n\t\t\t\t<div class=\"elementor-widget-container\">\n\t\t\t\t\t\t\t\t\t\t\t\t\t<img loading=\"lazy\" decoding=\"async\" width=\"1077\" height=\"702\" src=\"https:\/\/atelierbycatarino.pt\/wp-content\/uploads\/2024\/04\/Drafts-1-1.png\" class=\"attachment-full size-full wp-image-1117\" alt=\"\" srcset=\"https:\/\/atelierbycatarino.pt\/wp-content\/uploads\/2024\/04\/Drafts-1-1.png 1077w, https:\/\/atelierbycatarino.pt\/wp-content\/uploads\/2024\/04\/Drafts-1-1-600x391.png 600w, https:\/\/atelierbycatarino.pt\/wp-content\/uploads\/2024\/04\/Drafts-1-1-300x196.png 300w, https:\/\/atelierbycatarino.pt\/wp-content\/uploads\/2024\/04\/Drafts-1-1-1024x667.png 1024w, https:\/\/atelierbycatarino.pt\/wp-content\/uploads\/2024\/04\/Drafts-1-1-768x501.png 768w, https:\/\/atelierbycatarino.pt\/wp-content\/uploads\/2024\/04\/Drafts-1-1-18x12.png 18w\" sizes=\"(max-width: 1077px) 100vw, 1077px\" \/>\t\t\t\t\t\t\t\t\t\t\t\t\t<\/div>\n\t\t\t\t<\/div>\n\t\t\t\t<div class=\"elementor-element elementor-element-9e05348 elementor-widget elementor-widget-heading\" data-id=\"9e05348\" data-element_type=\"widget\" data-widget_type=\"heading.default\">\n\t\t\t\t<div class=\"elementor-widget-container\">\n\t\t\t<h2 class=\"elementor-heading-title elementor-size-default\">Cuide das suas joias<\/h2>\t\t<\/div>\n\t\t\t\t<\/div>\n\t\t\t\t<div class=\"elementor-element elementor-element-314eb1f elementor-widget elementor-widget-heading\" data-id=\"314eb1f\" data-element_type=\"widget\" data-widget_type=\"heading.default\">\n\t\t\t\t<div class=\"elementor-widget-container\">\n\t\t\t<p class=\"elementor-heading-title elementor-size-default\"><b> Brevemente <\/b><\/p>\t\t<\/div>\n\t\t\t\t<\/div>\n\t\t\t\t<\/a>\n\t\t<a class=\"elementor-element elementor-element-70a78ee e-con-full e-flex e-con e-child\" data-id=\"70a78ee\" data-element_type=\"container\">\n\t\t\t\t<div class=\"elementor-element elementor-element-cce9e8c elementor-widget elementor-widget-image\" data-id=\"cce9e8c\" data-element_type=\"widget\" data-widget_type=\"image.default\">\n\t\t\t\t<div class=\"elementor-widget-container\">\n\t\t\t\t\t\t\t\t\t\t\t\t\t<img loading=\"lazy\" decoding=\"async\" width=\"1000\" height=\"1000\" src=\"https:\/\/atelierbycatarino.pt\/wp-content\/uploads\/2024\/04\/Pagina-Workshops-Aneis-Texturizados.jpg\" class=\"attachment-full size-full wp-image-2368\" alt=\"\" srcset=\"https:\/\/atelierbycatarino.pt\/wp-content\/uploads\/2024\/04\/Pagina-Workshops-Aneis-Texturizados.jpg 1000w, https:\/\/atelierbycatarino.pt\/wp-content\/uploads\/2024\/04\/Pagina-Workshops-Aneis-Texturizados-300x300.jpg 300w, https:\/\/atelierbycatarino.pt\/wp-content\/uploads\/2024\/04\/Pagina-Workshops-Aneis-Texturizados-150x150.jpg 150w, https:\/\/atelierbycatarino.pt\/wp-content\/uploads\/2024\/04\/Pagina-Workshops-Aneis-Texturizados-768x768.jpg 768w, https:\/\/atelierbycatarino.pt\/wp-content\/uploads\/2024\/04\/Pagina-Workshops-Aneis-Texturizados-12x12.jpg 12w, https:\/\/atelierbycatarino.pt\/wp-content\/uploads\/2024\/04\/elementor\/thumbs\/Pagina-Workshops-Aneis-Texturizados-qmmevbzdc63d0g34gh3opx5dhvf7euufja2np13wq8.jpg 600w, https:\/\/atelierbycatarino.pt\/wp-content\/uploads\/2024\/04\/Pagina-Workshops-Aneis-Texturizados-100x100.jpg 100w\" sizes=\"(max-width: 1000px) 100vw, 1000px\" \/>\t\t\t\t\t\t\t\t\t\t\t\t\t<\/div>\n\t\t\t\t<\/div>\n\t\t\t\t<div class=\"elementor-element elementor-element-c7a6b0f elementor-widget elementor-widget-heading\" data-id=\"c7a6b0f\" data-element_type=\"widget\" data-widget_type=\"heading.default\">\n\t\t\t\t<div class=\"elementor-widget-container\">\n\t\t\t<h2 class=\"elementor-heading-title elementor-size-default\">An\u00e9is texturizados<\/h2>\t\t<\/div>\n\t\t\t\t<\/div>\n\t\t\t\t<div class=\"elementor-element elementor-element-26810c5 elementor-widget elementor-widget-heading\" data-id=\"26810c5\" data-element_type=\"widget\" data-widget_type=\"heading.default\">\n\t\t\t\t<div class=\"elementor-widget-container\">\n\t\t\t<p class=\"elementor-heading-title elementor-size-default\">Brevemente<\/p>\t\t<\/div>\n\t\t\t\t<\/div>\n\t\t\t\t<\/a>\n\t\t<a class=\"elementor-element elementor-element-bcdd782 e-con-full e-flex e-con e-child\" data-id=\"bcdd782\" data-element_type=\"container\">\n\t\t\t\t<div class=\"elementor-element elementor-element-22aebd2 elementor-widget elementor-widget-image\" data-id=\"22aebd2\" data-element_type=\"widget\" data-widget_type=\"image.default\">\n\t\t\t\t<div class=\"elementor-widget-container\">\n\t\t\t\t\t\t\t\t\t\t\t\t\t<img loading=\"lazy\" decoding=\"async\" width=\"1707\" height=\"2560\" src=\"https:\/\/atelierbycatarino.pt\/wp-content\/uploads\/2024\/04\/Medalhas-Texturizadas-scaled.jpg\" class=\"attachment-full size-full wp-image-2369\" alt=\"\" srcset=\"https:\/\/atelierbycatarino.pt\/wp-content\/uploads\/2024\/04\/Medalhas-Texturizadas-scaled.jpg 1707w, https:\/\/atelierbycatarino.pt\/wp-content\/uploads\/2024\/04\/Medalhas-Texturizadas-200x300.jpg 200w, https:\/\/atelierbycatarino.pt\/wp-content\/uploads\/2024\/04\/Medalhas-Texturizadas-683x1024.jpg 683w, https:\/\/atelierbycatarino.pt\/wp-content\/uploads\/2024\/04\/Medalhas-Texturizadas-768x1152.jpg 768w, https:\/\/atelierbycatarino.pt\/wp-content\/uploads\/2024\/04\/Medalhas-Texturizadas-1024x1536.jpg 1024w, https:\/\/atelierbycatarino.pt\/wp-content\/uploads\/2024\/04\/Medalhas-Texturizadas-1365x2048.jpg 1365w, https:\/\/atelierbycatarino.pt\/wp-content\/uploads\/2024\/04\/Medalhas-Texturizadas-8x12.jpg 8w, https:\/\/atelierbycatarino.pt\/wp-content\/uploads\/2024\/04\/Medalhas-Texturizadas-600x900.jpg 600w\" sizes=\"(max-width: 1707px) 100vw, 1707px\" \/>\t\t\t\t\t\t\t\t\t\t\t\t\t<\/div>\n\t\t\t\t<\/div>\n\t\t\t\t<div class=\"elementor-element elementor-element-e1a634f elementor-widget elementor-widget-heading\" data-id=\"e1a634f\" data-element_type=\"widget\" data-widget_type=\"heading.default\">\n\t\t\t\t<div class=\"elementor-widget-container\">\n\t\t\t<h2 class=\"elementor-heading-title elementor-size-default\">Medalhas Texturizadas<\/h2>\t\t<\/div>\n\t\t\t\t<\/div>\n\t\t\t\t<div class=\"elementor-element elementor-element-b1e290e elementor-widget elementor-widget-heading\" data-id=\"b1e290e\" data-element_type=\"widget\" data-widget_type=\"heading.default\">\n\t\t\t\t<div class=\"elementor-widget-container\">\n\t\t\t<p class=\"elementor-heading-title elementor-size-default\">Brevemente<\/p>\t\t<\/div>\n\t\t\t\t<\/div>\n\t\t\t\t<\/a>\n\t\t\t\t\t<\/div>\n\t\t\t\t<\/div>\n\t\t\t\t<\/div>","protected":false},"excerpt":{"rendered":"<p>Workshops Se sempre sentiu curiosidade sobre o processo de criar uma pe\u00e7a \u00fanica ou deseja, simplesmente, explorar um novo talento, os nossos workshops s\u00e3o o ponto de partida ideal. Aqui, a arte e a paix\u00e3o fundem-se numa experi\u00eancia imersiva. Guiado por artes\u00e3os experientes, ter\u00e1 a oportunidade de mergulhar nos segredos e t\u00e9cnicas tradicionais da alta [&hellip;]<\/p>","protected":false},"author":1,"featured_media":0,"parent":0,"menu_order":0,"comment_status":"closed","ping_status":"closed","template":"","meta":{"_acf_changed":false,"_monsterinsights_skip_tracking":false,"_monsterinsights_sitenote_active":false,"_monsterinsights_sitenote_note":"","_monsterinsights_sitenote_category":0,"footnotes":""},"class_list":["post-958","page","type-page","status-publish","hentry"],"acf":[],"_links":{"self":[{"href":"https:\/\/atelierbycatarino.pt\/en\/wp-json\/wp\/v2\/pages\/958","targetHints":{"allow":["GET"]}}],"collection":[{"href":"https:\/\/atelierbycatarino.pt\/en\/wp-json\/wp\/v2\/pages"}],"about":[{"href":"https:\/\/atelierbycatarino.pt\/en\/wp-json\/wp\/v2\/types\/page"}],"author":[{"embeddable":true,"href":"https:\/\/atelierbycatarino.pt\/en\/wp-json\/wp\/v2\/users\/1"}],"replies":[{"embeddable":true,"href":"https:\/\/atelierbycatarino.pt\/en\/wp-json\/wp\/v2\/comments?post=958"}],"version-history":[{"count":148,"href":"https:\/\/atelierbycatarino.pt\/en\/wp-json\/wp\/v2\/pages\/958\/revisions"}],"predecessor-version":[{"id":3428,"href":"https:\/\/atelierbycatarino.pt\/en\/wp-json\/wp\/v2\/pages\/958\/revisions\/3428"}],"wp:attachment":[{"href":"https:\/\/atelierbycatarino.pt\/en\/wp-json\/wp\/v2\/media?parent=958"}],"curies":[{"name":"wp","href":"https:\/\/api.w.org\/{rel}","templated":true}]}}