{"id":396,"date":"2024-02-27T12:51:08","date_gmt":"2024-02-27T12:51:08","guid":{"rendered":"https:\/\/atelierbycatarino.pt\/?page_id=396"},"modified":"2026-04-02T10:56:11","modified_gmt":"2026-04-02T10:56:11","slug":"experiencias","status":"publish","type":"page","link":"https:\/\/atelierbycatarino.pt\/en\/experiencias\/","title":{"rendered":"Experiences"},"content":{"rendered":"<div data-elementor-type=\"wp-page\" data-elementor-id=\"396\" class=\"elementor elementor-396\" data-elementor-post-type=\"page\">\n\t\t\t\t<div class=\"elementor-element elementor-element-6fa5a345 e-flex e-con-boxed e-con e-parent\" data-id=\"6fa5a345\" data-element_type=\"container\" data-settings=\"{&quot;background_background&quot;:&quot;classic&quot;}\">\n\t\t\t\t\t<div class=\"e-con-inner\">\n\t\t<div class=\"elementor-element elementor-element-16294705 e-flex e-con-boxed e-con e-child\" data-id=\"16294705\" data-element_type=\"container\" data-settings=\"{&quot;background_background&quot;:&quot;classic&quot;}\">\n\t\t\t\t\t<div class=\"e-con-inner\">\n\t\t\t\t<div class=\"elementor-element elementor-element-65c2979 elementor-widget elementor-widget-heading\" data-id=\"65c2979\" data-element_type=\"widget\" data-widget_type=\"heading.default\">\n\t\t\t\t<div class=\"elementor-widget-container\">\n\t\t\t<h1 class=\"elementor-heading-title elementor-size-default\">Experiences<\/h1>\t\t<\/div>\n\t\t\t\t<\/div>\n\t\t\t\t<div class=\"elementor-element elementor-element-6d07c982 elementor-widget__width-initial elementor-widget elementor-widget-heading\" data-id=\"6d07c982\" data-element_type=\"widget\" data-widget_type=\"heading.default\">\n\t\t\t\t<div class=\"elementor-widget-container\">\n\t\t\t<p class=\"elementor-heading-title elementor-size-default\">We believe that every jewel tells a story. And what better way to eternalize such a special moment than to be the author of that narrative? When you cross the door of Atelier by Catarino, you are involved in an experience where jewelry comes to life and memories become unforgettable.<\/p>\t\t<\/div>\n\t\t\t\t<\/div>\n\t\t\t\t<div class=\"elementor-element elementor-element-c8cc093 elementor-widget__width-initial elementor-widget elementor-widget-heading\" data-id=\"c8cc093\" data-element_type=\"widget\" data-widget_type=\"heading.default\">\n\t\t\t\t<div class=\"elementor-widget-container\">\n\t\t\t<p class=\"elementor-heading-title elementor-size-default\">Quer seja para celebrar o amor verdadeiro, homenagear a figura paterna ou materna, reviver mem\u00f3rias com os av\u00f3s, ou fortalecer os la\u00e7os entre colegas de trabalho, oferecemos experi\u00eancias \u00fanicas que permitem moldar e criar a sua pr\u00f3pria joia.<\/p>\t\t<\/div>\n\t\t\t\t<\/div>\n\t\t\t\t\t<\/div>\n\t\t\t\t<\/div>\n\t\t\t\t\t<\/div>\n\t\t\t\t<\/div>\n\t\t<div class=\"elementor-element elementor-element-cc7eeee e-flex e-con-boxed e-con e-parent\" data-id=\"cc7eeee\" data-element_type=\"container\">\n\t\t\t\t\t<div class=\"e-con-inner\">\n\t\t\t\t<div class=\"elementor-element elementor-element-11cdc1b elementor-widget elementor-widget-heading\" data-id=\"11cdc1b\" data-element_type=\"widget\" data-widget_type=\"heading.default\">\n\t\t\t\t<div class=\"elementor-widget-container\">\n\t\t\t<h1 class=\"elementor-heading-title elementor-size-default\">Todas as<br>Nossas Experi\u00eancias<\/h1>\t\t<\/div>\n\t\t\t\t<\/div>\n\t\t\t\t\t<\/div>\n\t\t\t\t<\/div>\n\t\t<div class=\"elementor-element elementor-element-b05f2b4 e-flex e-con-boxed e-con e-parent\" data-id=\"b05f2b4\" data-element_type=\"container\">\n\t\t\t\t\t<div class=\"e-con-inner\">\n\t\t<a class=\"elementor-element elementor-element-7532edf e-con-full e-flex e-con e-child\" data-id=\"7532edf\" data-element_type=\"container\" href=\"https:\/\/atelierbycatarino.pt\/en\/experiencias\/felizes-para-sempre\/\">\n\t\t\t\t<div class=\"elementor-element elementor-element-e4e2659 elementor-widget elementor-widget-image\" data-id=\"e4e2659\" data-element_type=\"widget\" data-widget_type=\"image.default\">\n\t\t\t\t<div class=\"elementor-widget-container\">\n\t\t\t\t\t\t\t\t\t\t\t\t\t<img fetchpriority=\"high\" decoding=\"async\" width=\"768\" height=\"768\" src=\"https:\/\/atelierbycatarino.pt\/wp-content\/uploads\/2024\/04\/DSC01712-scaled-e1714145235836-768x768.jpg\" class=\"attachment-medium_large size-medium_large wp-image-2392\" alt=\"\" srcset=\"https:\/\/atelierbycatarino.pt\/wp-content\/uploads\/2024\/04\/DSC01712-scaled-e1714145235836-768x768.jpg 768w, https:\/\/atelierbycatarino.pt\/wp-content\/uploads\/2024\/04\/DSC01712-scaled-e1714145235836-300x300.jpg 300w, https:\/\/atelierbycatarino.pt\/wp-content\/uploads\/2024\/04\/DSC01712-scaled-e1714145235836-1024x1024.jpg 1024w, https:\/\/atelierbycatarino.pt\/wp-content\/uploads\/2024\/04\/DSC01712-scaled-e1714145235836-150x150.jpg 150w, https:\/\/atelierbycatarino.pt\/wp-content\/uploads\/2024\/04\/DSC01712-scaled-e1714145235836-1536x1536.jpg 1536w, https:\/\/atelierbycatarino.pt\/wp-content\/uploads\/2024\/04\/DSC01712-scaled-e1714145235836-12x12.jpg 12w, https:\/\/atelierbycatarino.pt\/wp-content\/uploads\/2024\/04\/DSC01712-scaled-e1714145235836-600x600.jpg 600w, https:\/\/atelierbycatarino.pt\/wp-content\/uploads\/2024\/04\/DSC01712-scaled-e1714145235836-100x100.jpg 100w, https:\/\/atelierbycatarino.pt\/wp-content\/uploads\/2024\/04\/DSC01712-scaled-e1714145235836.jpg 1659w\" sizes=\"(max-width: 768px) 100vw, 768px\" \/>\t\t\t\t\t\t\t\t\t\t\t\t\t<\/div>\n\t\t\t\t<\/div>\n\t\t\t\t<div class=\"elementor-element elementor-element-9b6f636 elementor-widget elementor-widget-heading\" data-id=\"9b6f636\" data-element_type=\"widget\" data-widget_type=\"heading.default\">\n\t\t\t\t<div class=\"elementor-widget-container\">\n\t\t\t<h2 class=\"elementor-heading-title elementor-size-default\">Alian\u00e7as de Casamento<\/h2>\t\t<\/div>\n\t\t\t\t<\/div>\n\t\t\t\t<div class=\"elementor-element elementor-element-29a6792 elementor-widget elementor-widget-heading\" data-id=\"29a6792\" data-element_type=\"widget\" data-widget_type=\"heading.default\">\n\t\t\t\t<div class=\"elementor-widget-container\">\n\t\t\t<p class=\"elementor-heading-title elementor-size-default\">Fazer as pr\u00f3prias alian\u00e7as de casamento em ouro<\/p>\t\t<\/div>\n\t\t\t\t<\/div>\n\t\t\t\t<\/a>\n\t\t<a class=\"elementor-element elementor-element-f5f29f5 e-con-full e-flex e-con e-child\" data-id=\"f5f29f5\" data-element_type=\"container\" href=\"https:\/\/atelierbycatarino.pt\/en\/experiencias\/despedida-de-solteira\/\">\n\t\t\t\t<div class=\"elementor-element elementor-element-5ebbb03 elementor-widget elementor-widget-image\" data-id=\"5ebbb03\" data-element_type=\"widget\" data-widget_type=\"image.default\">\n\t\t\t\t<div class=\"elementor-widget-container\">\n\t\t\t\t\t\t\t\t\t\t\t\t\t<img decoding=\"async\" width=\"768\" height=\"501\" src=\"https:\/\/atelierbycatarino.pt\/wp-content\/uploads\/2024\/04\/Drafts-1-768x501.png\" class=\"attachment-medium_large size-medium_large wp-image-858\" alt=\"\" srcset=\"https:\/\/atelierbycatarino.pt\/wp-content\/uploads\/2024\/04\/Drafts-1-768x501.png 768w, https:\/\/atelierbycatarino.pt\/wp-content\/uploads\/2024\/04\/Drafts-1-600x391.png 600w, https:\/\/atelierbycatarino.pt\/wp-content\/uploads\/2024\/04\/Drafts-1-300x196.png 300w, https:\/\/atelierbycatarino.pt\/wp-content\/uploads\/2024\/04\/Drafts-1-1024x667.png 1024w, https:\/\/atelierbycatarino.pt\/wp-content\/uploads\/2024\/04\/Drafts-1-18x12.png 18w, https:\/\/atelierbycatarino.pt\/wp-content\/uploads\/2024\/04\/Drafts-1.png 1077w\" sizes=\"(max-width: 768px) 100vw, 768px\" \/>\t\t\t\t\t\t\t\t\t\t\t\t\t<\/div>\n\t\t\t\t<\/div>\n\t\t\t\t<div class=\"elementor-element elementor-element-8cda524 elementor-widget elementor-widget-heading\" data-id=\"8cda524\" data-element_type=\"widget\" data-widget_type=\"heading.default\">\n\t\t\t\t<div class=\"elementor-widget-container\">\n\t\t\t<h2 class=\"elementor-heading-title elementor-size-default\">Despedida de solteira<\/h2>\t\t<\/div>\n\t\t\t\t<\/div>\n\t\t\t\t<div class=\"elementor-element elementor-element-08303ff elementor-widget elementor-widget-heading\" data-id=\"08303ff\" data-element_type=\"widget\" data-widget_type=\"heading.default\">\n\t\t\t\t<div class=\"elementor-widget-container\">\n\t\t\t<p class=\"elementor-heading-title elementor-size-default\">Uma joia para o casamento da amiga<\/p>\t\t<\/div>\n\t\t\t\t<\/div>\n\t\t\t\t<\/a>\n\t\t<a class=\"elementor-element elementor-element-a56296c e-con-full e-flex e-con e-child\" data-id=\"a56296c\" data-element_type=\"container\" href=\"https:\/\/atelierbycatarino.pt\/en\/experiencias\/uma-joia-especial-mae\/\">\n\t\t\t\t<div class=\"elementor-element elementor-element-9d8489d elementor-widget elementor-widget-image\" data-id=\"9d8489d\" data-element_type=\"widget\" data-widget_type=\"image.default\">\n\t\t\t\t<div class=\"elementor-widget-container\">\n\t\t\t\t\t\t\t\t\t\t\t\t\t<img decoding=\"async\" width=\"1077\" height=\"702\" src=\"https:\/\/atelierbycatarino.pt\/wp-content\/uploads\/2024\/04\/Drafts-1-2.png\" class=\"attachment-full size-full wp-image-1778\" alt=\"\" srcset=\"https:\/\/atelierbycatarino.pt\/wp-content\/uploads\/2024\/04\/Drafts-1-2.png 1077w, https:\/\/atelierbycatarino.pt\/wp-content\/uploads\/2024\/04\/Drafts-1-2-600x391.png 600w, https:\/\/atelierbycatarino.pt\/wp-content\/uploads\/2024\/04\/Drafts-1-2-300x196.png 300w, https:\/\/atelierbycatarino.pt\/wp-content\/uploads\/2024\/04\/Drafts-1-2-1024x667.png 1024w, https:\/\/atelierbycatarino.pt\/wp-content\/uploads\/2024\/04\/Drafts-1-2-768x501.png 768w, https:\/\/atelierbycatarino.pt\/wp-content\/uploads\/2024\/04\/Drafts-1-2-18x12.png 18w\" sizes=\"(max-width: 1077px) 100vw, 1077px\" \/>\t\t\t\t\t\t\t\t\t\t\t\t\t<\/div>\n\t\t\t\t<\/div>\n\t\t\t\t<div class=\"elementor-element elementor-element-a1c5e93 elementor-widget elementor-widget-heading\" data-id=\"a1c5e93\" data-element_type=\"widget\" data-widget_type=\"heading.default\">\n\t\t\t\t<div class=\"elementor-widget-container\">\n\t\t\t<h2 class=\"elementor-heading-title elementor-size-default\">Uma joia especial - M\u00e3e<\/h2>\t\t<\/div>\n\t\t\t\t<\/div>\n\t\t\t\t<div class=\"elementor-element elementor-element-bbda380 elementor-widget elementor-widget-heading\" data-id=\"bbda380\" data-element_type=\"widget\" data-widget_type=\"heading.default\">\n\t\t\t\t<div class=\"elementor-widget-container\">\n\t\t\t<p class=\"elementor-heading-title elementor-size-default\">Um conjunto para oferecer \u00e0 m\u00e3e<\/p>\t\t<\/div>\n\t\t\t\t<\/div>\n\t\t\t\t<\/a>\n\t\t<a class=\"elementor-element elementor-element-64f31fd e-con-full e-flex e-con e-child\" data-id=\"64f31fd\" data-element_type=\"container\" href=\"https:\/\/atelierbycatarino.pt\/en\/experiencias\/aniversario-com-estilo\/\">\n\t\t\t\t<div class=\"elementor-element elementor-element-4238651 elementor-widget elementor-widget-image\" data-id=\"4238651\" data-element_type=\"widget\" data-widget_type=\"image.default\">\n\t\t\t\t<div class=\"elementor-widget-container\">\n\t\t\t\t\t\t\t\t\t\t\t\t\t<img loading=\"lazy\" decoding=\"async\" width=\"768\" height=\"1152\" src=\"https:\/\/atelierbycatarino.pt\/wp-content\/uploads\/2024\/04\/Pagina-Experiencias-Aniversario-com-estilo-768x1152.jpg\" class=\"attachment-medium_large size-medium_large wp-image-2358\" alt=\"\" srcset=\"https:\/\/atelierbycatarino.pt\/wp-content\/uploads\/2024\/04\/Pagina-Experiencias-Aniversario-com-estilo-768x1152.jpg 768w, https:\/\/atelierbycatarino.pt\/wp-content\/uploads\/2024\/04\/Pagina-Experiencias-Aniversario-com-estilo-200x300.jpg 200w, https:\/\/atelierbycatarino.pt\/wp-content\/uploads\/2024\/04\/Pagina-Experiencias-Aniversario-com-estilo-683x1024.jpg 683w, https:\/\/atelierbycatarino.pt\/wp-content\/uploads\/2024\/04\/Pagina-Experiencias-Aniversario-com-estilo-1024x1536.jpg 1024w, https:\/\/atelierbycatarino.pt\/wp-content\/uploads\/2024\/04\/Pagina-Experiencias-Aniversario-com-estilo-1365x2048.jpg 1365w, https:\/\/atelierbycatarino.pt\/wp-content\/uploads\/2024\/04\/Pagina-Experiencias-Aniversario-com-estilo-8x12.jpg 8w, https:\/\/atelierbycatarino.pt\/wp-content\/uploads\/2024\/04\/Pagina-Experiencias-Aniversario-com-estilo-600x900.jpg 600w, https:\/\/atelierbycatarino.pt\/wp-content\/uploads\/2024\/04\/Pagina-Experiencias-Aniversario-com-estilo-scaled.jpg 1707w\" sizes=\"(max-width: 768px) 100vw, 768px\" \/>\t\t\t\t\t\t\t\t\t\t\t\t\t<\/div>\n\t\t\t\t<\/div>\n\t\t\t\t<div class=\"elementor-element elementor-element-5506a2e elementor-widget elementor-widget-heading\" data-id=\"5506a2e\" data-element_type=\"widget\" data-widget_type=\"heading.default\">\n\t\t\t\t<div class=\"elementor-widget-container\">\n\t\t\t<h2 class=\"elementor-heading-title elementor-size-default\">Um Anivers\u00e1rio com estilo<\/h2>\t\t<\/div>\n\t\t\t\t<\/div>\n\t\t\t\t<div class=\"elementor-element elementor-element-1f117aa elementor-widget elementor-widget-heading\" data-id=\"1f117aa\" data-element_type=\"widget\" data-widget_type=\"heading.default\">\n\t\t\t\t<div class=\"elementor-widget-container\">\n\t\t\t<p class=\"elementor-heading-title elementor-size-default\">A joia que marcou uma data importante<\/p>\t\t<\/div>\n\t\t\t\t<\/div>\n\t\t\t\t<\/a>\n\t\t<a class=\"elementor-element elementor-element-cae182b e-con-full e-flex e-con e-child\" data-id=\"cae182b\" data-element_type=\"container\" href=\"https:\/\/atelierbycatarino.pt\/en\/experiencias\/a-joia-que-nos-une\/\">\n\t\t\t\t<div class=\"elementor-element elementor-element-c37ea76 elementor-widget__width-auto elementor-widget elementor-widget-image\" data-id=\"c37ea76\" data-element_type=\"widget\" data-widget_type=\"image.default\">\n\t\t\t\t<div class=\"elementor-widget-container\">\n\t\t\t\t\t\t\t\t\t\t\t\t\t<img loading=\"lazy\" decoding=\"async\" width=\"768\" height=\"512\" src=\"https:\/\/atelierbycatarino.pt\/wp-content\/uploads\/2024\/04\/DSC06663-768x512.jpg\" class=\"attachment-medium_large size-medium_large wp-image-2498\" alt=\"\" srcset=\"https:\/\/atelierbycatarino.pt\/wp-content\/uploads\/2024\/04\/DSC06663-768x512.jpg 768w, https:\/\/atelierbycatarino.pt\/wp-content\/uploads\/2024\/04\/DSC06663-300x200.jpg 300w, https:\/\/atelierbycatarino.pt\/wp-content\/uploads\/2024\/04\/DSC06663-1024x683.jpg 1024w, https:\/\/atelierbycatarino.pt\/wp-content\/uploads\/2024\/04\/DSC06663-1536x1024.jpg 1536w, https:\/\/atelierbycatarino.pt\/wp-content\/uploads\/2024\/04\/DSC06663-2048x1365.jpg 2048w, https:\/\/atelierbycatarino.pt\/wp-content\/uploads\/2024\/04\/DSC06663-18x12.jpg 18w, https:\/\/atelierbycatarino.pt\/wp-content\/uploads\/2024\/04\/DSC06663-600x400.jpg 600w, https:\/\/atelierbycatarino.pt\/wp-content\/uploads\/2024\/04\/DSC06663-scaled-e1714151347321.jpg 1920w\" sizes=\"(max-width: 768px) 100vw, 768px\" \/>\t\t\t\t\t\t\t\t\t\t\t\t\t<\/div>\n\t\t\t\t<\/div>\n\t\t\t\t<div class=\"elementor-element elementor-element-0ac2280 elementor-widget__width-auto elementor-widget elementor-widget-heading\" data-id=\"0ac2280\" data-element_type=\"widget\" data-widget_type=\"heading.default\">\n\t\t\t\t<div class=\"elementor-widget-container\">\n\t\t\t<h2 class=\"elementor-heading-title elementor-size-default\">A Joia que nos Une<\/h2>\t\t<\/div>\n\t\t\t\t<\/div>\n\t\t\t\t<div class=\"elementor-element elementor-element-9fbd912 elementor-widget__width-auto elementor-widget elementor-widget-heading\" data-id=\"9fbd912\" data-element_type=\"widget\" data-widget_type=\"heading.default\">\n\t\t\t\t<div class=\"elementor-widget-container\">\n\t\t\t<p class=\"elementor-heading-title elementor-size-default\">Uma joia que simboliza amor e uni\u00e3o<\/p>\t\t<\/div>\n\t\t\t\t<\/div>\n\t\t\t\t<\/a>\n\t\t<a class=\"elementor-element elementor-element-6d5b125 e-con-full e-flex e-con e-child\" data-id=\"6d5b125\" data-element_type=\"container\" href=\"https:\/\/atelierbycatarino.pt\/en\/experiencias\/joia-de-familia\/\">\n\t\t\t\t<div class=\"elementor-element elementor-element-868244f elementor-widget elementor-widget-image\" data-id=\"868244f\" data-element_type=\"widget\" data-widget_type=\"image.default\">\n\t\t\t\t<div class=\"elementor-widget-container\">\n\t\t\t\t\t\t\t\t\t\t\t\t\t<img loading=\"lazy\" decoding=\"async\" width=\"768\" height=\"768\" src=\"https:\/\/atelierbycatarino.pt\/wp-content\/uploads\/2024\/07\/DSC09111-e1720614321119-768x768.jpg\" class=\"attachment-medium_large size-medium_large wp-image-3046\" alt=\"\" srcset=\"https:\/\/atelierbycatarino.pt\/wp-content\/uploads\/2024\/07\/DSC09111-e1720614321119-768x768.jpg 768w, https:\/\/atelierbycatarino.pt\/wp-content\/uploads\/2024\/07\/DSC09111-e1720614321119-300x300.jpg 300w, https:\/\/atelierbycatarino.pt\/wp-content\/uploads\/2024\/07\/DSC09111-e1720614321119-1024x1024.jpg 1024w, https:\/\/atelierbycatarino.pt\/wp-content\/uploads\/2024\/07\/DSC09111-e1720614321119-150x150.jpg 150w, https:\/\/atelierbycatarino.pt\/wp-content\/uploads\/2024\/07\/DSC09111-e1720614321119-12x12.jpg 12w, https:\/\/atelierbycatarino.pt\/wp-content\/uploads\/2024\/07\/elementor\/thumbs\/DSC09111-e1720614321119-qqwl1yrz7yb7chsy1zp0nev4bpyjtpbuealb1ptl68.jpg 600w, https:\/\/atelierbycatarino.pt\/wp-content\/uploads\/2024\/07\/DSC09111-e1720614321119-100x100.jpg 100w, https:\/\/atelierbycatarino.pt\/wp-content\/uploads\/2024\/07\/elementor\/thumbs\/DSC09111-e1720614321119-150x150.jpg 1659w, https:\/\/atelierbycatarino.pt\/wp-content\/uploads\/2024\/07\/DSC09111-e1720614321119.jpg 1358w\" sizes=\"(max-width: 768px) 100vw, 768px\" \/>\t\t\t\t\t\t\t\t\t\t\t\t\t<\/div>\n\t\t\t\t<\/div>\n\t\t\t\t<div class=\"elementor-element elementor-element-58314b6 elementor-widget elementor-widget-heading\" data-id=\"58314b6\" data-element_type=\"widget\" data-widget_type=\"heading.default\">\n\t\t\t\t<div class=\"elementor-widget-container\">\n\t\t\t<h2 class=\"elementor-heading-title elementor-size-default\">Joia de Fam\u00edlia<\/h2>\t\t<\/div>\n\t\t\t\t<\/div>\n\t\t\t\t<div class=\"elementor-element elementor-element-d04a6ad elementor-widget elementor-widget-heading\" data-id=\"d04a6ad\" data-element_type=\"widget\" data-widget_type=\"heading.default\">\n\t\t\t\t<div class=\"elementor-widget-container\">\n\t\t\t<p class=\"elementor-heading-title elementor-size-default\">A joia que reflete os valores da fam\u00edlia<\/p>\t\t<\/div>\n\t\t\t\t<\/div>\n\t\t\t\t<\/a>\n\t\t<a class=\"elementor-element elementor-element-200aac0 e-con-full e-flex e-con e-child\" data-id=\"200aac0\" data-element_type=\"container\" href=\"https:\/\/atelierbycatarino.pt\/en\/experiencias\/aniversario-com-estilo\/\">\n\t\t\t\t<div class=\"elementor-element elementor-element-6b74e1b elementor-widget elementor-widget-image\" data-id=\"6b74e1b\" data-element_type=\"widget\" data-widget_type=\"image.default\">\n\t\t\t\t<div class=\"elementor-widget-container\">\n\t\t\t\t\t\t\t\t\t\t\t\t\t<img loading=\"lazy\" decoding=\"async\" width=\"768\" height=\"512\" src=\"https:\/\/atelierbycatarino.pt\/wp-content\/uploads\/2024\/04\/Pagina-Experiencias-Brincadeiras-de-Criancas-2-768x512.jpg\" class=\"attachment-medium_large size-medium_large wp-image-2360\" alt=\"\" srcset=\"https:\/\/atelierbycatarino.pt\/wp-content\/uploads\/2024\/04\/Pagina-Experiencias-Brincadeiras-de-Criancas-2-768x512.jpg 768w, https:\/\/atelierbycatarino.pt\/wp-content\/uploads\/2024\/04\/Pagina-Experiencias-Brincadeiras-de-Criancas-2-300x200.jpg 300w, https:\/\/atelierbycatarino.pt\/wp-content\/uploads\/2024\/04\/Pagina-Experiencias-Brincadeiras-de-Criancas-2-1024x683.jpg 1024w, https:\/\/atelierbycatarino.pt\/wp-content\/uploads\/2024\/04\/Pagina-Experiencias-Brincadeiras-de-Criancas-2-1536x1024.jpg 1536w, https:\/\/atelierbycatarino.pt\/wp-content\/uploads\/2024\/04\/Pagina-Experiencias-Brincadeiras-de-Criancas-2-2048x1365.jpg 2048w, https:\/\/atelierbycatarino.pt\/wp-content\/uploads\/2024\/04\/Pagina-Experiencias-Brincadeiras-de-Criancas-2-18x12.jpg 18w, https:\/\/atelierbycatarino.pt\/wp-content\/uploads\/2024\/04\/Pagina-Experiencias-Brincadeiras-de-Criancas-2-600x400.jpg 600w\" sizes=\"(max-width: 768px) 100vw, 768px\" \/>\t\t\t\t\t\t\t\t\t\t\t\t\t<\/div>\n\t\t\t\t<\/div>\n\t\t\t\t<div class=\"elementor-element elementor-element-78c8bc6 elementor-widget elementor-widget-heading\" data-id=\"78c8bc6\" data-element_type=\"widget\" data-widget_type=\"heading.default\">\n\t\t\t\t<div class=\"elementor-widget-container\">\n\t\t\t<h2 class=\"elementor-heading-title elementor-size-default\">Brincadeiras de crian\u00e7as<\/h2>\t\t<\/div>\n\t\t\t\t<\/div>\n\t\t\t\t<div class=\"elementor-element elementor-element-bded6f5 elementor-widget elementor-widget-heading\" data-id=\"bded6f5\" data-element_type=\"widget\" data-widget_type=\"heading.default\">\n\t\t\t\t<div class=\"elementor-widget-container\">\n\t\t\t<p class=\"elementor-heading-title elementor-size-default\">Brevemente<\/p>\t\t<\/div>\n\t\t\t\t<\/div>\n\t\t\t\t<\/a>\n\t\t<a class=\"elementor-element elementor-element-11dcb16 e-con-full e-flex e-con e-child\" data-id=\"11dcb16\" data-element_type=\"container\" href=\"https:\/\/atelierbycatarino.pt\/en\/experiencias\/aniversario-com-estilo\/\">\n\t\t\t\t<div class=\"elementor-element elementor-element-debe109 elementor-widget elementor-widget-image\" data-id=\"debe109\" data-element_type=\"widget\" data-widget_type=\"image.default\">\n\t\t\t\t<div class=\"elementor-widget-container\">\n\t\t\t\t\t\t\t\t\t\t\t\t\t<img loading=\"lazy\" decoding=\"async\" width=\"768\" height=\"831\" src=\"https:\/\/atelierbycatarino.pt\/wp-content\/uploads\/2024\/04\/Pagina-Experiencias-Team-Building-scaled-e1720613857847-768x831.jpeg\" class=\"attachment-medium_large size-medium_large wp-image-2361\" alt=\"\" srcset=\"https:\/\/atelierbycatarino.pt\/wp-content\/uploads\/2024\/04\/Pagina-Experiencias-Team-Building-scaled-e1720613857847-768x831.jpeg 768w, https:\/\/atelierbycatarino.pt\/wp-content\/uploads\/2024\/04\/Pagina-Experiencias-Team-Building-scaled-e1720613857847-277x300.jpeg 277w, https:\/\/atelierbycatarino.pt\/wp-content\/uploads\/2024\/04\/Pagina-Experiencias-Team-Building-scaled-e1720613857847-946x1024.jpeg 946w, https:\/\/atelierbycatarino.pt\/wp-content\/uploads\/2024\/04\/Pagina-Experiencias-Team-Building-scaled-e1720613857847-1419x1536.jpeg 1419w, https:\/\/atelierbycatarino.pt\/wp-content\/uploads\/2024\/04\/Pagina-Experiencias-Team-Building-scaled-e1720613857847-11x12.jpeg 11w, https:\/\/atelierbycatarino.pt\/wp-content\/uploads\/2024\/04\/Pagina-Experiencias-Team-Building-scaled-e1720613857847-600x650.jpeg 600w, https:\/\/atelierbycatarino.pt\/wp-content\/uploads\/2024\/04\/Pagina-Experiencias-Team-Building-scaled-e1720613857847.jpeg 1706w\" sizes=\"(max-width: 768px) 100vw, 768px\" \/>\t\t\t\t\t\t\t\t\t\t\t\t\t<\/div>\n\t\t\t\t<\/div>\n\t\t\t\t<div class=\"elementor-element elementor-element-4c03030 elementor-widget elementor-widget-heading\" data-id=\"4c03030\" data-element_type=\"widget\" data-widget_type=\"heading.default\">\n\t\t\t\t<div class=\"elementor-widget-container\">\n\t\t\t<h2 class=\"elementor-heading-title elementor-size-default\">Fora do\nEscrit\u00f3rio\n(Team Building)<\/h2>\t\t<\/div>\n\t\t\t\t<\/div>\n\t\t\t\t<div class=\"elementor-element elementor-element-38def15 elementor-widget elementor-widget-heading\" data-id=\"38def15\" data-element_type=\"widget\" data-widget_type=\"heading.default\">\n\t\t\t\t<div class=\"elementor-widget-container\">\n\t\t\t<p class=\"elementor-heading-title elementor-size-default\">Brevemente<\/p>\t\t<\/div>\n\t\t\t\t<\/div>\n\t\t\t\t<\/a>\n\t\t\t\t\t<\/div>\n\t\t\t\t<\/div>\n\t\t\t\t<\/div>","protected":false},"excerpt":{"rendered":"<p>Experi\u00eancias Acreditamos que cada joia conta uma hist\u00f3ria. E qual a melhor maneira de eternizar um momento t\u00e3o especial do que ser o autor dessa narrativa? Ao cruzar a porta do Atelier by Catarino, \u00e9 envolvido numa experi\u00eancia onde a joalharia ganha vida e as mem\u00f3rias se tornam inesquec\u00edveis. Quer seja para celebrar o amor [&hellip;]<\/p>","protected":false},"author":1,"featured_media":0,"parent":0,"menu_order":0,"comment_status":"closed","ping_status":"closed","template":"","meta":{"_acf_changed":false,"_monsterinsights_skip_tracking":false,"_monsterinsights_sitenote_active":false,"_monsterinsights_sitenote_note":"","_monsterinsights_sitenote_category":0,"footnotes":""},"class_list":["post-396","page","type-page","status-publish","hentry"],"acf":[],"_links":{"self":[{"href":"https:\/\/atelierbycatarino.pt\/en\/wp-json\/wp\/v2\/pages\/396","targetHints":{"allow":["GET"]}}],"collection":[{"href":"https:\/\/atelierbycatarino.pt\/en\/wp-json\/wp\/v2\/pages"}],"about":[{"href":"https:\/\/atelierbycatarino.pt\/en\/wp-json\/wp\/v2\/types\/page"}],"author":[{"embeddable":true,"href":"https:\/\/atelierbycatarino.pt\/en\/wp-json\/wp\/v2\/users\/1"}],"replies":[{"embeddable":true,"href":"https:\/\/atelierbycatarino.pt\/en\/wp-json\/wp\/v2\/comments?post=396"}],"version-history":[{"count":250,"href":"https:\/\/atelierbycatarino.pt\/en\/wp-json\/wp\/v2\/pages\/396\/revisions"}],"predecessor-version":[{"id":3992,"href":"https:\/\/atelierbycatarino.pt\/en\/wp-json\/wp\/v2\/pages\/396\/revisions\/3992"}],"wp:attachment":[{"href":"https:\/\/atelierbycatarino.pt\/en\/wp-json\/wp\/v2\/media?parent=396"}],"curies":[{"name":"wp","href":"https:\/\/api.w.org\/{rel}","templated":true}]}}