{"id":2688,"date":"2024-05-28T11:08:35","date_gmt":"2024-05-28T11:08:35","guid":{"rendered":"https:\/\/atelierbycatarino.pt\/?page_id=2688"},"modified":"2024-05-28T11:57:58","modified_gmt":"2024-05-28T11:57:58","slug":"sustentabilidade","status":"publish","type":"page","link":"https:\/\/atelierbycatarino.pt\/en\/sustentabilidade\/","title":{"rendered":"Sustentabilidade"},"content":{"rendered":"<div data-elementor-type=\"wp-page\" data-elementor-id=\"2688\" class=\"elementor elementor-2688\" data-elementor-post-type=\"page\">\n\t\t\t\t<div class=\"elementor-element elementor-element-3c1b1be e-flex e-con-boxed e-con e-parent\" data-id=\"3c1b1be\" data-element_type=\"container\" data-settings=\"{&quot;background_background&quot;:&quot;classic&quot;}\">\n\t\t\t\t\t<div class=\"e-con-inner\">\n\t\t<div class=\"elementor-element elementor-element-0cc25fc e-flex e-con-boxed e-con e-child\" data-id=\"0cc25fc\" data-element_type=\"container\" data-settings=\"{&quot;background_background&quot;:&quot;classic&quot;}\">\n\t\t\t\t\t<div class=\"e-con-inner\">\n\t\t\t\t<div class=\"elementor-element elementor-element-4977255 elementor-widget__width-initial elementor-widget elementor-widget-heading\" data-id=\"4977255\" data-element_type=\"widget\" data-widget_type=\"heading.default\">\n\t\t\t\t<div class=\"elementor-widget-container\">\n\t\t\t<p class=\"elementor-heading-title elementor-size-default\">Sustentabilidade<\/p>\t\t<\/div>\n\t\t\t\t<\/div>\n\t\t\t\t<div class=\"elementor-element elementor-element-8d61125 elementor-widget__width-initial elementor-widget elementor-widget-text-editor\" data-id=\"8d61125\" data-element_type=\"widget\" data-widget_type=\"text-editor.default\">\n\t\t\t\t<div class=\"elementor-widget-container\">\n\t\t\t\t\t\t\t<p>Uma miss\u00e3o. Uma preocupa\u00e7\u00e3o. Um futuro melhor.<\/p>\t\t\t\t\t\t<\/div>\n\t\t\t\t<\/div>\n\t\t\t\t\t<\/div>\n\t\t\t\t<\/div>\n\t\t\t\t\t<\/div>\n\t\t\t\t<\/div>\n\t\t<div class=\"elementor-element elementor-element-d59e777 e-flex e-con-boxed e-con e-parent\" data-id=\"d59e777\" data-element_type=\"container\">\n\t\t\t\t\t<div class=\"e-con-inner\">\n\t\t\t\t<div class=\"elementor-element elementor-element-7e79007 elementor-widget elementor-widget-heading\" data-id=\"7e79007\" data-element_type=\"widget\" data-widget_type=\"heading.default\">\n\t\t\t\t<div class=\"elementor-widget-container\">\n\t\t\t<p class=\"elementor-heading-title elementor-size-default\">\"Na natureza nada se cria, nada se perde, tudo se transforma.\"<\/p>\t\t<\/div>\n\t\t\t\t<\/div>\n\t\t\t\t<div class=\"elementor-element elementor-element-d49ca08 elementor-widget elementor-widget-heading\" data-id=\"d49ca08\" data-element_type=\"widget\" data-widget_type=\"heading.default\">\n\t\t\t\t<div class=\"elementor-widget-container\">\n\t\t\t<p class=\"elementor-heading-title elementor-size-default\">Antoine Lavoisier<\/p>\t\t<\/div>\n\t\t\t\t<\/div>\n\t\t\t\t\t<\/div>\n\t\t\t\t<\/div>\n\t\t<div class=\"elementor-element elementor-element-bc3f9d0 e-flex e-con-boxed e-con e-parent\" data-id=\"bc3f9d0\" data-element_type=\"container\">\n\t\t\t\t\t<div class=\"e-con-inner\">\n\t\t<div class=\"elementor-element elementor-element-b7f10ff e-con-full e-flex e-con e-child\" data-id=\"b7f10ff\" data-element_type=\"container\">\n\t\t\t\t<div class=\"elementor-element elementor-element-1ba0ef0 elementor-widget elementor-widget-image\" data-id=\"1ba0ef0\" data-element_type=\"widget\" data-widget_type=\"image.default\">\n\t\t\t\t<div class=\"elementor-widget-container\">\n\t\t\t\t\t\t\t\t\t\t\t\t\t<img fetchpriority=\"high\" decoding=\"async\" width=\"800\" height=\"610\" src=\"https:\/\/atelierbycatarino.pt\/wp-content\/uploads\/2024\/05\/su1-1024x781.jpg\" class=\"attachment-large size-large wp-image-2700\" alt=\"\" srcset=\"https:\/\/atelierbycatarino.pt\/wp-content\/uploads\/2024\/05\/su1-1024x781.jpg 1024w, https:\/\/atelierbycatarino.pt\/wp-content\/uploads\/2024\/05\/su1-300x229.jpg 300w, https:\/\/atelierbycatarino.pt\/wp-content\/uploads\/2024\/05\/su1-768x586.jpg 768w, https:\/\/atelierbycatarino.pt\/wp-content\/uploads\/2024\/05\/su1-1536x1171.jpg 1536w, https:\/\/atelierbycatarino.pt\/wp-content\/uploads\/2024\/05\/su1-16x12.jpg 16w, https:\/\/atelierbycatarino.pt\/wp-content\/uploads\/2024\/05\/su1-600x457.jpg 600w, https:\/\/atelierbycatarino.pt\/wp-content\/uploads\/2024\/05\/su1.jpg 1928w\" sizes=\"(max-width: 800px) 100vw, 800px\" \/>\t\t\t\t\t\t\t\t\t\t\t\t\t<\/div>\n\t\t\t\t<\/div>\n\t\t\t\t<\/div>\n\t\t<div class=\"elementor-element elementor-element-73fb9af e-con-full e-flex e-con e-child\" data-id=\"73fb9af\" data-element_type=\"container\">\n\t\t\t\t<div class=\"elementor-element elementor-element-185bdd6 elementor-widget elementor-widget-heading\" data-id=\"185bdd6\" data-element_type=\"widget\" data-widget_type=\"heading.default\">\n\t\t\t\t<div class=\"elementor-widget-container\">\n\t\t\t<h1 class=\"elementor-heading-title elementor-size-default\">Nova vida<\/h1>\t\t<\/div>\n\t\t\t\t<\/div>\n\t\t\t\t<div class=\"elementor-element elementor-element-07ac5ab elementor-widget elementor-widget-text-editor\" data-id=\"07ac5ab\" data-element_type=\"widget\" data-widget_type=\"text-editor.default\">\n\t\t\t\t<div class=\"elementor-widget-container\">\n\t\t\t\t\t\t\t<p>No nosso atelier, temos em considera\u00e7\u00e3o v\u00e1rias preocupa\u00e7\u00f5es, incluindo a capacidade de reutilizar pe\u00e7as de prata e ouro para lhes dar uma nova vida. Esta abordagem reduz o desperd\u00edcio de mat\u00e9ria-prima, mas tamb\u00e9m diminui a necessidade de utiliza\u00e7\u00e3o de recursos no momento da sua extra\u00e7\u00e3o, alinhando-se com o nosso compromisso com a sustentabilidade e a responsabilidade ambiental.<\/p>\t\t\t\t\t\t<\/div>\n\t\t\t\t<\/div>\n\t\t\t\t<\/div>\n\t\t\t\t\t<\/div>\n\t\t\t\t<\/div>\n\t\t<div class=\"elementor-element elementor-element-f75117d e-flex e-con-boxed e-con e-parent\" data-id=\"f75117d\" data-element_type=\"container\">\n\t\t\t\t\t<div class=\"e-con-inner\">\n\t\t<div class=\"elementor-element elementor-element-510cd5e e-con-full e-flex e-con e-child\" data-id=\"510cd5e\" data-element_type=\"container\">\n\t\t\t\t<div class=\"elementor-element elementor-element-e716c96 elementor-widget elementor-widget-heading\" data-id=\"e716c96\" data-element_type=\"widget\" data-widget_type=\"heading.default\">\n\t\t\t\t<div class=\"elementor-widget-container\">\n\t\t\t<h1 class=\"elementor-heading-title elementor-size-default\">Restauro Sustent\u00e1vel<\/h1>\t\t<\/div>\n\t\t\t\t<\/div>\n\t\t\t\t<div class=\"elementor-element elementor-element-b4f4fc0 elementor-widget elementor-widget-text-editor\" data-id=\"b4f4fc0\" data-element_type=\"widget\" data-widget_type=\"text-editor.default\">\n\t\t\t\t<div class=\"elementor-widget-container\">\n\t\t\t\t\t\t\t<p>Caso as suas joias estejam danificadas, sem brilho e sem vida, o nosso Atelier disp\u00f5e de um servi\u00e7o de oficina onde reparamos as suas joias devolvendo-lhes a sua vida inicial, n\u00e3o precisando desafazer-se delas. Tem a possibilidade de reparar as suas joias, diminuindo a necessidade de adquirir uma nova, visto que estes metais nobres t\u00eam sempre repara\u00e7\u00e3o. A nossa equipa est\u00e1 preparada para reparar e devolver a beleza e o encanto original das suas joias.<\/p>\t\t\t\t\t\t<\/div>\n\t\t\t\t<\/div>\n\t\t\t\t<\/div>\n\t\t<div class=\"elementor-element elementor-element-a3ff7dd e-con-full e-flex e-con e-child\" data-id=\"a3ff7dd\" data-element_type=\"container\">\n\t\t\t\t<div class=\"elementor-element elementor-element-0121f7d elementor-widget elementor-widget-image\" data-id=\"0121f7d\" data-element_type=\"widget\" data-widget_type=\"image.default\">\n\t\t\t\t<div class=\"elementor-widget-container\">\n\t\t\t\t\t\t\t\t\t\t\t\t\t<img decoding=\"async\" width=\"800\" height=\"593\" src=\"https:\/\/atelierbycatarino.pt\/wp-content\/uploads\/2024\/05\/su2-1024x759.jpg\" class=\"attachment-large size-large wp-image-2701\" alt=\"\" srcset=\"https:\/\/atelierbycatarino.pt\/wp-content\/uploads\/2024\/05\/su2-1024x759.jpg 1024w, https:\/\/atelierbycatarino.pt\/wp-content\/uploads\/2024\/05\/su2-300x222.jpg 300w, https:\/\/atelierbycatarino.pt\/wp-content\/uploads\/2024\/05\/su2-768x569.jpg 768w, https:\/\/atelierbycatarino.pt\/wp-content\/uploads\/2024\/05\/su2-1536x1138.jpg 1536w, https:\/\/atelierbycatarino.pt\/wp-content\/uploads\/2024\/05\/su2-16x12.jpg 16w, https:\/\/atelierbycatarino.pt\/wp-content\/uploads\/2024\/05\/su2-600x444.jpg 600w, https:\/\/atelierbycatarino.pt\/wp-content\/uploads\/2024\/05\/su2.jpg 1975w\" sizes=\"(max-width: 800px) 100vw, 800px\" \/>\t\t\t\t\t\t\t\t\t\t\t\t\t<\/div>\n\t\t\t\t<\/div>\n\t\t\t\t<\/div>\n\t\t\t\t\t<\/div>\n\t\t\t\t<\/div>\n\t\t<div class=\"elementor-element elementor-element-986e728 e-flex e-con-boxed e-con e-parent\" data-id=\"986e728\" data-element_type=\"container\">\n\t\t\t\t\t<div class=\"e-con-inner\">\n\t\t<div class=\"elementor-element elementor-element-e7e751b e-con-full e-flex e-con e-child\" data-id=\"e7e751b\" data-element_type=\"container\">\n\t\t\t\t<div class=\"elementor-element elementor-element-f2acef1 elementor-widget elementor-widget-image\" data-id=\"f2acef1\" data-element_type=\"widget\" data-widget_type=\"image.default\">\n\t\t\t\t<div class=\"elementor-widget-container\">\n\t\t\t\t\t\t\t\t\t\t\t\t\t<img decoding=\"async\" width=\"800\" height=\"534\" src=\"https:\/\/atelierbycatarino.pt\/wp-content\/uploads\/2024\/05\/su3-1024x683.jpg\" class=\"attachment-large size-large wp-image-2702\" alt=\"\" srcset=\"https:\/\/atelierbycatarino.pt\/wp-content\/uploads\/2024\/05\/su3-1024x683.jpg 1024w, https:\/\/atelierbycatarino.pt\/wp-content\/uploads\/2024\/05\/su3-300x200.jpg 300w, https:\/\/atelierbycatarino.pt\/wp-content\/uploads\/2024\/05\/su3-768x512.jpg 768w, https:\/\/atelierbycatarino.pt\/wp-content\/uploads\/2024\/05\/su3-1536x1024.jpg 1536w, https:\/\/atelierbycatarino.pt\/wp-content\/uploads\/2024\/05\/su3-2048x1366.jpg 2048w, https:\/\/atelierbycatarino.pt\/wp-content\/uploads\/2024\/05\/su3-18x12.jpg 18w, https:\/\/atelierbycatarino.pt\/wp-content\/uploads\/2024\/05\/su3-600x400.jpg 600w\" sizes=\"(max-width: 800px) 100vw, 800px\" \/>\t\t\t\t\t\t\t\t\t\t\t\t\t<\/div>\n\t\t\t\t<\/div>\n\t\t\t\t<\/div>\n\t\t<div class=\"elementor-element elementor-element-a0a76d6 e-con-full e-flex e-con e-child\" data-id=\"a0a76d6\" data-element_type=\"container\">\n\t\t\t\t<div class=\"elementor-element elementor-element-e15d7b6 elementor-widget elementor-widget-heading\" data-id=\"e15d7b6\" data-element_type=\"widget\" data-widget_type=\"heading.default\">\n\t\t\t\t<div class=\"elementor-widget-container\">\n\t\t\t<h1 class=\"elementor-heading-title elementor-size-default\">Produ\u00e7\u00e3o Sustent\u00e1vel<\/h1>\t\t<\/div>\n\t\t\t\t<\/div>\n\t\t\t\t<div class=\"elementor-element elementor-element-259a22c elementor-widget elementor-widget-text-editor\" data-id=\"259a22c\" data-element_type=\"widget\" data-widget_type=\"text-editor.default\">\n\t\t\t\t<div class=\"elementor-widget-container\">\n\t\t\t\t\t\t\t<p>Em cada etapa do processo de produ\u00e7\u00e3o, todos os passos s\u00e3o, cuidadosamente, planeados para minimizar o desperd\u00edcio. <br \/>Desde o in\u00edcio que valorizamos cada bocadinho, desde as limalhas at\u00e9 \u00e0s sobras, garantindo que nada \u00e9 descartado sem, antes, viver um novo ciclo de vida &#8211; seja atrav\u00e9s da reciclagem ou da sua reutiliza\u00e7\u00e3o em novos projetos.<br \/>Esta abordagem n\u00e3o reduz apenas o impacto ambiental, mas tamb\u00e9m nos permite criar de forma mais respons\u00e1vel, um futuro mais sustent\u00e1vel para todos.<\/p>\t\t\t\t\t\t<\/div>\n\t\t\t\t<\/div>\n\t\t\t\t<\/div>\n\t\t\t\t\t<\/div>\n\t\t\t\t<\/div>\n\t\t<div class=\"elementor-element elementor-element-49af211 e-flex e-con-boxed e-con e-parent\" data-id=\"49af211\" data-element_type=\"container\">\n\t\t\t\t\t<div class=\"e-con-inner\">\n\t\t<div class=\"elementor-element elementor-element-4c53f9e e-con-full e-flex e-con e-child\" data-id=\"4c53f9e\" data-element_type=\"container\">\n\t\t\t\t<div class=\"elementor-element elementor-element-361e086 elementor-widget elementor-widget-heading\" data-id=\"361e086\" data-element_type=\"widget\" data-widget_type=\"heading.default\">\n\t\t\t\t<div class=\"elementor-widget-container\">\n\t\t\t<h1 class=\"elementor-heading-title elementor-size-default\">Sustentabilidade Social<\/h1>\t\t<\/div>\n\t\t\t\t<\/div>\n\t\t\t\t<div class=\"elementor-element elementor-element-713b7c1 elementor-widget elementor-widget-text-editor\" data-id=\"713b7c1\" data-element_type=\"widget\" data-widget_type=\"text-editor.default\">\n\t\t\t\t<div class=\"elementor-widget-container\">\n\t\t\t\t\t\t\t<p>A luz natural ilumina as nossas cria\u00e7\u00f5es,\u00a0 alimentando um ambiente saud\u00e1vel e inspirador. As nossas bancadas s\u00e3o projetadas para receber tanto pessoas destras quanto canhotas, promovendo a inclus\u00e3o e a diversidade. <br \/>Al\u00e9m disso, oferecemos um espa\u00e7o de lazer para os nossos colaboradores, de modo a relaxarem e conectarem-se. <br \/>As cadeiras ajust\u00e1veis garantem o conforto individual de cada pessoa. E, \u00e9 claro, as nossas normas de seguran\u00e7a s\u00e3o rigorosas, priorizando o bem-estar de nossa equipa e de todos os participantes. Este \u00e9 mais do que um espa\u00e7o de trabalho; \u00e9 um exemplo de como a preocupa\u00e7\u00e3o com o bem-estar de quem trabalha no Atelier \u00e9 relevante e faz a diferen\u00e7a.<\/p>\t\t\t\t\t\t<\/div>\n\t\t\t\t<\/div>\n\t\t\t\t<\/div>\n\t\t<div class=\"elementor-element elementor-element-e528a54 e-con-full e-flex e-con e-child\" data-id=\"e528a54\" data-element_type=\"container\">\n\t\t\t\t<div class=\"elementor-element elementor-element-381c5d5 elementor-widget elementor-widget-image\" data-id=\"381c5d5\" data-element_type=\"widget\" data-widget_type=\"image.default\">\n\t\t\t\t<div class=\"elementor-widget-container\">\n\t\t\t\t\t\t\t\t\t\t\t\t\t<img loading=\"lazy\" decoding=\"async\" width=\"800\" height=\"713\" src=\"https:\/\/atelierbycatarino.pt\/wp-content\/uploads\/2024\/05\/su4-1024x912.jpg\" class=\"attachment-large size-large wp-image-2703\" alt=\"\" srcset=\"https:\/\/atelierbycatarino.pt\/wp-content\/uploads\/2024\/05\/su4-1024x912.jpg 1024w, https:\/\/atelierbycatarino.pt\/wp-content\/uploads\/2024\/05\/su4-300x267.jpg 300w, https:\/\/atelierbycatarino.pt\/wp-content\/uploads\/2024\/05\/su4-768x684.jpg 768w, https:\/\/atelierbycatarino.pt\/wp-content\/uploads\/2024\/05\/su4-1536x1368.jpg 1536w, https:\/\/atelierbycatarino.pt\/wp-content\/uploads\/2024\/05\/su4-2048x1824.jpg 2048w, https:\/\/atelierbycatarino.pt\/wp-content\/uploads\/2024\/05\/su4-13x12.jpg 13w, https:\/\/atelierbycatarino.pt\/wp-content\/uploads\/2024\/05\/su4-600x534.jpg 600w\" sizes=\"(max-width: 800px) 100vw, 800px\" \/>\t\t\t\t\t\t\t\t\t\t\t\t\t<\/div>\n\t\t\t\t<\/div>\n\t\t\t\t<\/div>\n\t\t\t\t\t<\/div>\n\t\t\t\t<\/div>\n\t\t\t\t<\/div>","protected":false},"excerpt":{"rendered":"<p>Sustentabilidade Uma miss\u00e3o. Uma preocupa\u00e7\u00e3o. Um futuro melhor. &#8220;Na natureza nada se cria, nada se perde, tudo se transforma.&#8221; Antoine Lavoisier Nova vida No nosso atelier, temos em considera\u00e7\u00e3o v\u00e1rias preocupa\u00e7\u00f5es, incluindo a capacidade de reutilizar pe\u00e7as de prata e ouro para lhes dar uma nova vida. Esta abordagem reduz o desperd\u00edcio de mat\u00e9ria-prima, mas [&hellip;]<\/p>","protected":false},"author":1,"featured_media":0,"parent":0,"menu_order":0,"comment_status":"closed","ping_status":"closed","template":"","meta":{"_acf_changed":false,"_monsterinsights_skip_tracking":false,"_monsterinsights_sitenote_active":false,"_monsterinsights_sitenote_note":"","_monsterinsights_sitenote_category":0,"footnotes":""},"class_list":["post-2688","page","type-page","status-publish","hentry"],"acf":[],"_links":{"self":[{"href":"https:\/\/atelierbycatarino.pt\/en\/wp-json\/wp\/v2\/pages\/2688","targetHints":{"allow":["GET"]}}],"collection":[{"href":"https:\/\/atelierbycatarino.pt\/en\/wp-json\/wp\/v2\/pages"}],"about":[{"href":"https:\/\/atelierbycatarino.pt\/en\/wp-json\/wp\/v2\/types\/page"}],"author":[{"embeddable":true,"href":"https:\/\/atelierbycatarino.pt\/en\/wp-json\/wp\/v2\/users\/1"}],"replies":[{"embeddable":true,"href":"https:\/\/atelierbycatarino.pt\/en\/wp-json\/wp\/v2\/comments?post=2688"}],"version-history":[{"count":21,"href":"https:\/\/atelierbycatarino.pt\/en\/wp-json\/wp\/v2\/pages\/2688\/revisions"}],"predecessor-version":[{"id":2719,"href":"https:\/\/atelierbycatarino.pt\/en\/wp-json\/wp\/v2\/pages\/2688\/revisions\/2719"}],"wp:attachment":[{"href":"https:\/\/atelierbycatarino.pt\/en\/wp-json\/wp\/v2\/media?parent=2688"}],"curies":[{"name":"wp","href":"https:\/\/api.w.org\/{rel}","templated":true}]}}