{"id":1491,"date":"2024-04-10T20:42:03","date_gmt":"2024-04-10T20:42:03","guid":{"rendered":"https:\/\/atelierbycatarino.pt\/?page_id=1491"},"modified":"2024-04-10T20:43:27","modified_gmt":"2024-04-10T20:43:27","slug":"certificacao","status":"publish","type":"page","link":"https:\/\/atelierbycatarino.pt\/en\/certificacao\/","title":{"rendered":"Certifica\u00e7\u00e3o"},"content":{"rendered":"<div data-elementor-type=\"wp-page\" data-elementor-id=\"1491\" class=\"elementor elementor-1491\" data-elementor-post-type=\"page\">\n\t\t\t\t<div class=\"elementor-element elementor-element-9d7b0f4 e-flex e-con-boxed e-con e-parent\" data-id=\"9d7b0f4\" data-element_type=\"container\">\n\t\t\t\t\t<div class=\"e-con-inner\">\n\t\t\t\t<div class=\"elementor-element elementor-element-3324285 elementor-widget elementor-widget-heading\" data-id=\"3324285\" data-element_type=\"widget\" data-widget_type=\"heading.default\">\n\t\t\t\t<div class=\"elementor-widget-container\">\n\t\t\t<h2 class=\"elementor-heading-title elementor-size-default\">Certifica\u00e7\u00e3o<\/h2>\t\t<\/div>\n\t\t\t\t<\/div>\n\t\t\t\t<div class=\"elementor-element elementor-element-5332d87 elementor-widget elementor-widget-text-editor\" data-id=\"5332d87\" data-element_type=\"widget\" data-widget_type=\"text-editor.default\">\n\t\t\t\t<div class=\"elementor-widget-container\">\n\t\t\t\t\t\t\t<p>Todos os produtos\/artigos\u00a0que comercializamos est\u00e3o legalmente marcadas quando aplic\u00e1vel.<\/p><p>Todos os artigos com metais preciosos, dispon\u00edveis na 4 Leaf Clover, encontram-se devidamente contrastados com as marcas da contrastaria Nacional (INCM).<\/p><p>&#8211; Ouro 19.2 Quilates;<\/p><p>&#8211; Ouro 9 Quilates;<\/p><p>&#8211; Prata 925%<\/p><p>Legalmente certificados pelo\u00a0<strong><a href=\"https:\/\/www.contrastaria.pt\/\">INCM<\/a>\u00a0&#8211;\u00a0<\/strong>Imprensa Nacional da Casa da Moeda.<\/p><p>Pode verificar as marcas legais<strong>\u00a0<a href=\"https:\/\/contrastaria.pt\/marcas-da-contrastaria-portuguesa\/\" target=\"_blank\" rel=\"noreferrer noopener\">aqui<\/a>.\u00a0<\/strong><\/p><p>O Cliente pode, em caso de d\u00favida sobre a autenticidade das marcas, recorrer, para efeitos de verifica\u00e7\u00e3o, aos servi\u00e7os das Contrastarias.<\/p><p>Todos os produtos comercializados est\u00e3o em conformidade com a legisla\u00e7\u00e3o portuguesa. Os artigos com metal precioso encontram-se devidamente marcados, em cumprimento do RJOC (Regime Jur\u00eddico da Ourivesaria e Contrastarias). O Cliente pode, em caso de d\u00favida sobre a autenticidade das marcas, recorrer, para efeitos de verifica\u00e7\u00e3o, aos servi\u00e7os das Contrastarias.<\/p><p>Neste\u00a0<strong><a href=\"https:\/\/www.lbma.org.uk\/prices-and-data\/precious-metal-prices#\/table\" target=\"_blank\" rel=\"noreferrer noopener\">SITE<\/a><\/strong>, pode aceder \u00e0 cota\u00e7\u00e3o di\u00e1ria dos metais preciosos<\/p><p><strong>N\u00ba Titulo de atividade:\u00a0<\/strong>T1944 de Retalhista de Ourivesaria &#8211; Site<\/p><p><strong>CAE:\u00a0<\/strong>47910<\/p><p><strong>NIPC:<\/strong>\u00a0515056235<\/p>\t\t\t\t\t\t<\/div>\n\t\t\t\t<\/div>\n\t\t\t\t\t<\/div>\n\t\t\t\t<\/div>\n\t\t\t\t<\/div>","protected":false},"excerpt":{"rendered":"<p>Certifica\u00e7\u00e3o Todos os produtos\/artigos\u00a0que comercializamos est\u00e3o legalmente marcadas quando aplic\u00e1vel. Todos os artigos com metais preciosos, dispon\u00edveis na 4 Leaf Clover, encontram-se devidamente contrastados com as marcas da contrastaria Nacional (INCM). &#8211; Ouro 19.2 Quilates; &#8211; Ouro 9 Quilates; &#8211; Prata 925% Legalmente certificados pelo\u00a0INCM\u00a0&#8211;\u00a0Imprensa Nacional da Casa da Moeda. Pode verificar as marcas legais\u00a0aqui.\u00a0 [&hellip;]<\/p>","protected":false},"author":1,"featured_media":0,"parent":0,"menu_order":0,"comment_status":"closed","ping_status":"closed","template":"","meta":{"_acf_changed":false,"_monsterinsights_skip_tracking":false,"_monsterinsights_sitenote_active":false,"_monsterinsights_sitenote_note":"","_monsterinsights_sitenote_category":0,"footnotes":""},"class_list":["post-1491","page","type-page","status-publish","hentry"],"acf":[],"_links":{"self":[{"href":"https:\/\/atelierbycatarino.pt\/en\/wp-json\/wp\/v2\/pages\/1491","targetHints":{"allow":["GET"]}}],"collection":[{"href":"https:\/\/atelierbycatarino.pt\/en\/wp-json\/wp\/v2\/pages"}],"about":[{"href":"https:\/\/atelierbycatarino.pt\/en\/wp-json\/wp\/v2\/types\/page"}],"author":[{"embeddable":true,"href":"https:\/\/atelierbycatarino.pt\/en\/wp-json\/wp\/v2\/users\/1"}],"replies":[{"embeddable":true,"href":"https:\/\/atelierbycatarino.pt\/en\/wp-json\/wp\/v2\/comments?post=1491"}],"version-history":[{"count":4,"href":"https:\/\/atelierbycatarino.pt\/en\/wp-json\/wp\/v2\/pages\/1491\/revisions"}],"predecessor-version":[{"id":1495,"href":"https:\/\/atelierbycatarino.pt\/en\/wp-json\/wp\/v2\/pages\/1491\/revisions\/1495"}],"wp:attachment":[{"href":"https:\/\/atelierbycatarino.pt\/en\/wp-json\/wp\/v2\/media?parent=1491"}],"curies":[{"name":"wp","href":"https:\/\/api.w.org\/{rel}","templated":true}]}}