{"id":1189,"date":"2024-04-10T10:47:51","date_gmt":"2024-04-10T10:47:51","guid":{"rendered":"https:\/\/atelierbycatarino.pt\/?page_id=1189"},"modified":"2024-05-28T12:20:01","modified_gmt":"2024-05-28T12:20:01","slug":"assistencia-tecnica","status":"publish","type":"page","link":"https:\/\/atelierbycatarino.pt\/en\/assistencia-tecnica\/","title":{"rendered":"Technical Assistance"},"content":{"rendered":"<div data-elementor-type=\"wp-page\" data-elementor-id=\"1189\" class=\"elementor elementor-1189\" data-elementor-post-type=\"page\">\n\t\t\t\t<div class=\"elementor-element elementor-element-6fa5a345 e-flex e-con-boxed e-con e-parent\" data-id=\"6fa5a345\" data-element_type=\"container\" data-settings=\"{&quot;background_background&quot;:&quot;classic&quot;}\">\n\t\t\t\t\t<div class=\"e-con-inner\">\n\t\t<div class=\"elementor-element elementor-element-16294705 e-flex e-con-boxed e-con e-child\" data-id=\"16294705\" data-element_type=\"container\" data-settings=\"{&quot;background_background&quot;:&quot;classic&quot;}\">\n\t\t\t\t\t<div class=\"e-con-inner\">\n\t\t\t\t<div class=\"elementor-element elementor-element-65c2979 elementor-widget elementor-widget-heading\" data-id=\"65c2979\" data-element_type=\"widget\" data-widget_type=\"heading.default\">\n\t\t\t\t<div class=\"elementor-widget-container\">\n\t\t\t<h1 class=\"elementor-heading-title elementor-size-default\">Assist\u00eancia<br> T\u00e9cnica<\/h1>\t\t<\/div>\n\t\t\t\t<\/div>\n\t\t\t\t<div class=\"elementor-element elementor-element-6d07c982 elementor-widget__width-initial elementor-widget elementor-widget-heading\" data-id=\"6d07c982\" data-element_type=\"widget\" data-widget_type=\"heading.default\">\n\t\t\t\t<div class=\"elementor-widget-container\">\n\t\t\t<p class=\"elementor-heading-title elementor-size-default\">Oferecemos um leque de servi\u00e7os especializados, desde o ajuste cuidadoso de an\u00e9is, garantindo um encaixe perfeito, at\u00e9 soldaduras delicadas que devolvem a integridade e beleza \u00e0s suas pe\u00e7as. Asseguramos limpezas profundas e banhos revitalizantes para ouro e prata, mantendo o brilho e a eleg\u00e2ncia das suas joias.<\/p>\t\t<\/div>\n\t\t\t\t<\/div>\n\t\t\t\t<div class=\"elementor-element elementor-element-c8cc093 elementor-widget__width-initial elementor-widget elementor-widget-heading\" data-id=\"c8cc093\" data-element_type=\"widget\" data-widget_type=\"heading.default\">\n\t\t\t\t<div class=\"elementor-widget-container\">\n\t\t\t<p class=\"elementor-heading-title elementor-size-default\">Especializamo-nos tamb\u00e9m na crava\u00e7\u00e3o de pedras, substitui\u00e7\u00e3o de pilhas, m\u00f3dulos e vidros de rel\u00f3gios, garantindo a perfei\u00e7\u00e3o e a funcionalidade das suas pe\u00e7as.<\/p>\t\t<\/div>\n\t\t\t\t<\/div>\n\t\t\t\t\t<\/div>\n\t\t\t\t<\/div>\n\t\t\t\t\t<\/div>\n\t\t\t\t<\/div>\n\t\t<div class=\"elementor-element elementor-element-e215304 e-flex e-con-boxed e-con e-parent\" data-id=\"e215304\" data-element_type=\"container\">\n\t\t\t\t\t<div class=\"e-con-inner\">\n\t\t<div class=\"elementor-element elementor-element-ee22ee5 e-con-full e-flex e-con e-child\" data-id=\"ee22ee5\" data-element_type=\"container\">\n\t\t\t\t<div class=\"elementor-element elementor-element-9246f4e elementor-position-top elementor-widget elementor-widget-image-box\" data-id=\"9246f4e\" data-element_type=\"widget\" data-widget_type=\"image-box.default\">\n\t\t\t\t<div class=\"elementor-widget-container\">\n\t\t\t<div class=\"elementor-image-box-wrapper\"><figure class=\"elementor-image-box-img\"><img decoding=\"async\" src=\"https:\/\/atelierbycatarino.pt\/wp-content\/uploads\/elementor\/thumbs\/ass1-qmlz95obuain8aoe5yzdya7raob8rs1r8rr7scng4w.jpg\" title=\"ass1\" alt=\"ass1\" loading=\"lazy\" \/><\/figure><div class=\"elementor-image-box-content\"><h3 class=\"elementor-image-box-title\"><strong>Repara\u00e7\u00e3o de Joias<\/strong> (Ouro e Prata)<\/h3><p class=\"elementor-image-box-description\">Ajuste de ane\u0301is<br>\nSoldaduras<br>\nLimpezas\/ Banhos<br>\nCravac\u0327o\u0303es de pedras<\/p><\/div><\/div>\t\t<\/div>\n\t\t\t\t<\/div>\n\t\t\t\t<\/div>\n\t\t<div class=\"elementor-element elementor-element-5f633ea e-con-full e-flex e-con e-child\" data-id=\"5f633ea\" data-element_type=\"container\">\n\t\t\t\t<div class=\"elementor-element elementor-element-3297844 elementor-position-top elementor-widget elementor-widget-image-box\" data-id=\"3297844\" data-element_type=\"widget\" data-widget_type=\"image-box.default\">\n\t\t\t\t<div class=\"elementor-widget-container\">\n\t\t\t<div class=\"elementor-image-box-wrapper\"><figure class=\"elementor-image-box-img\"><img decoding=\"async\" src=\"https:\/\/atelierbycatarino.pt\/wp-content\/uploads\/elementor\/thumbs\/ass2-qmlz531i84xwx4ldy7ll5b7umkdzezvmolzgx6ov3k.jpg\" title=\"ass2\" alt=\"ass2\" loading=\"lazy\" \/><\/figure><div class=\"elementor-image-box-content\"><h3 class=\"elementor-image-box-title\"><strong>Repara\u00e7\u00e3o de Rel\u00f3gios<\/strong><\/h3><p class=\"elementor-image-box-description\">Substituic\u0327a\u0303o de pilhas<br>\nSubstituic\u0327a\u0303o de mo\u0301dulos<br>\nSubstituic\u0327a\u0303o de vidros<br>\nReviso\u0303es e restauros<br>\nAjuste de braceletes<br>\nLimpeza<br><\/p><\/div><\/div>\t\t<\/div>\n\t\t\t\t<\/div>\n\t\t\t\t<\/div>\n\t\t<div class=\"elementor-element elementor-element-c8e7462 e-con-full e-flex e-con e-child\" data-id=\"c8e7462\" data-element_type=\"container\">\n\t\t\t\t<div class=\"elementor-element elementor-element-3af6483 elementor-position-top elementor-widget elementor-widget-image-box\" data-id=\"3af6483\" data-element_type=\"widget\" data-widget_type=\"image-box.default\">\n\t\t\t\t<div class=\"elementor-widget-container\">\n\t\t\t<div class=\"elementor-image-box-wrapper\"><figure class=\"elementor-image-box-img\"><img decoding=\"async\" src=\"https:\/\/atelierbycatarino.pt\/wp-content\/uploads\/elementor\/thumbs\/assgr-qmlza5e71zvjhh8idef7l179vbf6w9zk1ojo0v6hkg.jpg\" title=\"assgr\" alt=\"assgr\" loading=\"lazy\" \/><\/figure><div class=\"elementor-image-box-content\"><h3 class=\"elementor-image-box-title\"><strong>Grava\u00e7\u00f5es<\/strong><\/h3><p class=\"elementor-image-box-description\">Ouro<br>\nPrata<br>\nRel\u00f3gios<\/p><\/div><\/div>\t\t<\/div>\n\t\t\t\t<\/div>\n\t\t\t\t<\/div>\n\t\t<div class=\"elementor-element elementor-element-1a6c4c5 e-flex e-con-boxed e-con e-child\" data-id=\"1a6c4c5\" data-element_type=\"container\">\n\t\t\t\t\t<div class=\"e-con-inner\">\n\t\t\t\t<div class=\"elementor-element elementor-element-9348c5f elementor-align-center elementor-widget elementor-widget-button\" data-id=\"9348c5f\" data-element_type=\"widget\" data-widget_type=\"button.default\">\n\t\t\t\t<div class=\"elementor-widget-container\">\n\t\t\t\t\t<div class=\"elementor-button-wrapper\">\n\t\t\t<a class=\"elementor-button elementor-button-link elementor-size-sm\" href=\"#formct\" id=\"orcamento\">\n\t\t\t\t\t\t<span class=\"elementor-button-content-wrapper\">\n\t\t\t\t\t\t\t\t\t<span class=\"elementor-button-text\">Or\u00e7amento Gratuito<\/span>\n\t\t\t\t\t<\/span>\n\t\t\t\t\t<\/a>\n\t\t<\/div>\n\t\t\t\t<\/div>\n\t\t\t\t<\/div>\n\t\t\t\t\t<\/div>\n\t\t\t\t<\/div>\n\t\t\t\t\t<\/div>\n\t\t\t\t<\/div>\n\t\t<div class=\"elementor-element elementor-element-d3b445e e-flex e-con-boxed e-con e-parent\" data-id=\"d3b445e\" data-element_type=\"container\" data-settings=\"{&quot;background_background&quot;:&quot;classic&quot;}\">\n\t\t\t\t\t<div class=\"e-con-inner\">\n\t\t<div class=\"elementor-element elementor-element-dc46de3 e-flex e-con-boxed e-con e-child\" data-id=\"dc46de3\" data-element_type=\"container\" data-settings=\"{&quot;background_background&quot;:&quot;classic&quot;}\">\n\t\t\t\t\t<div class=\"e-con-inner\">\n\t\t\t\t<div class=\"elementor-element elementor-element-9dc20b9 elementor-widget elementor-widget-heading\" data-id=\"9dc20b9\" data-element_type=\"widget\" data-widget_type=\"heading.default\">\n\t\t\t\t<div class=\"elementor-widget-container\">\n\t\t\t<h2 class=\"elementor-heading-title elementor-size-default\">Fura\u00e7\u00e3o de\nOrelhas<\/h2>\t\t<\/div>\n\t\t\t\t<\/div>\n\t\t\t\t<div class=\"elementor-element elementor-element-7fb6b85 elementor-align-right elementor-absolute elementor-widget-mobile__width-initial elementor-widget elementor-widget-button\" data-id=\"7fb6b85\" data-element_type=\"widget\" data-settings=\"{&quot;_position&quot;:&quot;absolute&quot;}\" data-widget_type=\"button.default\">\n\t\t\t\t<div class=\"elementor-widget-container\">\n\t\t\t\t\t<div class=\"elementor-button-wrapper\">\n\t\t\t<a class=\"elementor-button elementor-button-link elementor-size-sm\" href=\"#formct\">\n\t\t\t\t\t\t<span class=\"elementor-button-content-wrapper\">\n\t\t\t\t\t\t\t\t\t<span class=\"elementor-button-text\">Agendamento<\/span>\n\t\t\t\t\t<\/span>\n\t\t\t\t\t<\/a>\n\t\t<\/div>\n\t\t\t\t<\/div>\n\t\t\t\t<\/div>\n\t\t\t\t<div class=\"elementor-element elementor-element-a288eca elementor-widget__width-initial elementor-absolute elementor-widget elementor-widget-heading\" data-id=\"a288eca\" data-element_type=\"widget\" data-settings=\"{&quot;_position&quot;:&quot;absolute&quot;}\" data-widget_type=\"heading.default\">\n\t\t\t\t<div class=\"elementor-widget-container\">\n\t\t\t<p class=\"elementor-heading-title elementor-size-default\">No nosso Atelier, disponibilizamos um servi\u00e7o de fura\u00e7\u00e3o de orelhas, seguindo os rigorosos padr\u00f5es de higiene e seguran\u00e7a. Utilizamos equipamentos esterilizados e t\u00e9cnicas precisas para garantir uma experi\u00eancia sem\u00a0complica\u00e7\u00f5es.<\/p>\t\t<\/div>\n\t\t\t\t<\/div>\n\t\t\t\t\t<\/div>\n\t\t\t\t<\/div>\n\t\t\t\t\t<\/div>\n\t\t\t\t<\/div>\n\t\t<div class=\"elementor-element elementor-element-7e83b1b e-flex e-con-boxed e-con e-parent\" data-id=\"7e83b1b\" data-element_type=\"container\" id=\"formct\">\n\t\t\t\t\t<div class=\"e-con-inner\">\n\t\t\t\t<div class=\"elementor-element elementor-element-61a18a6 elementor-widget elementor-widget-heading\" data-id=\"61a18a6\" data-element_type=\"widget\" data-widget_type=\"heading.default\">\n\t\t\t\t<div class=\"elementor-widget-container\">\n\t\t\t<h2 class=\"elementor-heading-title elementor-size-default\">Contacte-nos<\/h2>\t\t<\/div>\n\t\t\t\t<\/div>\n\t\t\t\t<div class=\"elementor-element elementor-element-411bb4f elementor-widget elementor-widget-text-editor\" data-id=\"411bb4f\" data-element_type=\"widget\" data-widget_type=\"text-editor.default\">\n\t\t\t\t<div class=\"elementor-widget-container\">\n\t\t\t\t\t\t\t<p>Obtenha o seu or\u00e7amento gratuito para Assist\u00eancia T\u00e9cnica<\/p>\t\t\t\t\t\t<\/div>\n\t\t\t\t<\/div>\n\t\t\t\t<div class=\"elementor-element elementor-element-046d3e0 elementor-widget elementor-widget-shortcode\" data-id=\"046d3e0\" data-element_type=\"widget\" data-widget_type=\"shortcode.default\">\n\t\t\t\t<div class=\"elementor-widget-container\">\n\t\t\t\t\t<div class=\"elementor-shortcode\"><div class=\"wpforms-container wpforms-container-full wpforms-render-modern\" id=\"wpforms-1207\"><form id=\"wpforms-form-1207\" class=\"wpforms-validate wpforms-form wpforms-ajax-form\" data-formid=\"1207\" method=\"post\" enctype=\"multipart\/form-data\" action=\"\/wp-json\/wp\/v2\/pages\/1189\" data-token=\"f5f0d51cfa1135e7a1b7930fb4a9c479\" data-token-time=\"1777587062\" data-trp-original-action=\"\/en\/wp-json\/wp\/v2\/pages\/1189\"><noscript class=\"wpforms-error-noscript\">Please enable JavaScript in your browser to complete this form.<\/noscript><div class=\"wpforms-hidden\" id=\"wpforms-error-noscript\">Please enable JavaScript in your browser to complete this form.<\/div><div class=\"wpforms-field-container\"><div id=\"wpforms-1207-field_1-container\" class=\"wpforms-field wpforms-field-text formc\" data-field-id=\"1\"><label class=\"wpforms-field-label wpforms-label-hide\" for=\"wpforms-1207-field_1\" aria-hidden=\"false\">Nome <span class=\"wpforms-required-label\" aria-hidden=\"true\">*<\/span><\/label><input type=\"text\" id=\"wpforms-1207-field_1\" class=\"wpforms-field-large wpforms-field-required\" name=\"wpforms[fields][1]\" placeholder=\"Nome\" aria-errormessage=\"wpforms-1207-field_1-error\" required><\/div><div id=\"wpforms-1207-field_3-container\" class=\"wpforms-field wpforms-field-text formc\" data-field-id=\"3\"><label class=\"wpforms-field-label wpforms-label-hide\" for=\"wpforms-1207-field_3\" aria-hidden=\"false\">Email <span class=\"wpforms-required-label\" aria-hidden=\"true\">*<\/span><\/label><input type=\"text\" id=\"wpforms-1207-field_3\" class=\"wpforms-field-large wpforms-field-required\" name=\"wpforms[fields][3]\" placeholder=\"oseuemail@email.com\" aria-errormessage=\"wpforms-1207-field_3-error\" required><\/div><div id=\"wpforms-1207-field_4-container\" class=\"wpforms-field wpforms-field-text formc wpforms-one-half wpforms-first\" data-field-id=\"4\"><label class=\"wpforms-field-label wpforms-label-hide\" for=\"wpforms-1207-field_4\" aria-hidden=\"false\">Telefone <span class=\"wpforms-required-label\" aria-hidden=\"true\">*<\/span><\/label><input type=\"text\" id=\"wpforms-1207-field_4\" class=\"wpforms-field-large wpforms-field-required\" name=\"wpforms[fields][4]\" placeholder=\"Telem\u00f3vel\" aria-errormessage=\"wpforms-1207-field_4-error\" required><\/div><div id=\"wpforms-1207-field_7-container\" class=\"wpforms-field wpforms-field-select wpforms-one-half wpforms-field-select-style-modern\" data-field-id=\"7\"><label class=\"wpforms-field-label wpforms-label-hide\" for=\"wpforms-1207-field_7\" aria-hidden=\"false\">Tipo de Assist\u00eancia<\/label><select id=\"wpforms-1207-field_7\" class=\"wpforms-field-large choicesjs-select\" data-size-class=\"wpforms-field-row wpforms-field-large\" data-search-enabled=\"\" name=\"wpforms[fields][7]\"><option value=\"\" class=\"placeholder\" disabled selected='selected'>Tipo de Assist\u00eancia<\/option><option value=\"Tipo de Assist\u00eancia\" >Tipo de Assist\u00eancia<\/option><option value=\"Ourivesaria\" >Ourivesaria<\/option><option value=\"Repara\u00e7\u00e3o Rel\u00f3gios\" >Repara\u00e7\u00e3o Rel\u00f3gios<\/option><option value=\"Grava\u00e7\u00f5es\" >Grava\u00e7\u00f5es<\/option><option value=\"Fura\u00e7\u00f5es de Orelhas\" >Fura\u00e7\u00f5es de Orelhas<\/option><option value=\"Pulseiras Permanentes\" >Pulseiras Permanentes<\/option><option value=\"Outros Assuntos\" >Outros Assuntos<\/option><\/select><\/div><div id=\"wpforms-1207-field_8-container\" class=\"wpforms-field wpforms-field-textarea\" data-field-id=\"8\"><label class=\"wpforms-field-label wpforms-label-hide\" for=\"wpforms-1207-field_8\" aria-hidden=\"false\">Mensagem <span class=\"wpforms-required-label\" aria-hidden=\"true\">*<\/span><\/label><textarea id=\"wpforms-1207-field_8\" class=\"wpforms-field-large wpforms-field-required\" name=\"wpforms[fields][8]\" placeholder=\"Mensagem\" aria-errormessage=\"wpforms-1207-field_8-error\" required><\/textarea><\/div><div id=\"wpforms-1207-field_9-container\" class=\"wpforms-field wpforms-field-checkbox\" data-field-id=\"9\"><fieldset><legend class=\"wpforms-field-label wpforms-label-hide\" aria-hidden=\"false\">Aceito <span class=\"wpforms-required-label\" aria-hidden=\"true\">*<\/span><\/legend><ul id=\"wpforms-1207-field_9\" class=\"wpforms-field-required\"><li class=\"choice-1 depth-1\"><input type=\"checkbox\" id=\"wpforms-1207-field_9_1\" name=\"wpforms[fields][9][]\" value=\"Li e declaro que aceito a &lt;a href=&quot;https:\/\/atelierbycatarino.pt\/termos-e-condicoes\/&quot;&gt;pol\u00edtica de privacidade e os termos e condi\u00e7\u00f5es&lt;\/a&gt; do Atelier by Catarino\" aria-errormessage=\"wpforms-1207-field_9_1-error\" required><label class=\"wpforms-field-label-inline\" for=\"wpforms-1207-field_9_1\">Li e declaro que aceito a <a href=\"https:\/\/atelierbycatarino.pt\/en\/termos-e-condicoes\/\">pol\u00edtica de privacidade e os termos e condi\u00e7\u00f5es<\/a> do Atelier by Catarino<\/label><\/li><\/ul><\/fieldset><\/div><\/div><!-- .wpforms-field-container --><div class=\"wpforms-submit-container\" ><input type=\"hidden\" name=\"wpforms[id]\" value=\"1207\"><input type=\"hidden\" name=\"page_title\" value=\"\"><input type=\"hidden\" name=\"page_url\" value=\"https:\/\/atelierbycatarino.pt\/en\/wp-json\/wp\/v2\/pages\/1189\"><button type=\"submit\" name=\"wpforms[submit]\" id=\"wpforms-submit-1207\" class=\"wpforms-submit submitforma\" data-alt-text=\"A Enviar...\" data-submit-text=\"Enviar\" aria-live=\"assertive\" value=\"wpforms-submit\">Enviar<\/button><img decoding=\"async\" src=\"https:\/\/atelierbycatarino.pt\/wp-content\/plugins\/wpforms-lite\/assets\/images\/submit-spin.svg\" class=\"wpforms-submit-spinner\" style=\"display: none;\" width=\"26\" height=\"26\" alt=\"Loading\"><\/div><input type=\"hidden\" name=\"trp-form-language\" value=\"en\"\/><\/form><\/div>  <!-- .wpforms-container --><\/div>\n\t\t\t\t<\/div>\n\t\t\t\t<\/div>\n\t\t\t\t\t<\/div>\n\t\t\t\t<\/div>\n\t\t\t\t<\/div>","protected":false},"excerpt":{"rendered":"<p>Assist\u00eancia T\u00e9cnica Oferecemos um leque de servi\u00e7os especializados, desde o ajuste cuidadoso de an\u00e9is, garantindo um encaixe perfeito, at\u00e9 soldaduras delicadas que devolvem a integridade e beleza \u00e0s suas pe\u00e7as. Asseguramos limpezas profundas e banhos revitalizantes para ouro e prata, mantendo o brilho e a eleg\u00e2ncia das suas joias. Especializamo-nos tamb\u00e9m na crava\u00e7\u00e3o de pedras, [&hellip;]<\/p>","protected":false},"author":1,"featured_media":0,"parent":0,"menu_order":0,"comment_status":"closed","ping_status":"closed","template":"","meta":{"_acf_changed":false,"_monsterinsights_skip_tracking":false,"_monsterinsights_sitenote_active":false,"_monsterinsights_sitenote_note":"","_monsterinsights_sitenote_category":0,"footnotes":""},"class_list":["post-1189","page","type-page","status-publish","hentry"],"acf":[],"_links":{"self":[{"href":"https:\/\/atelierbycatarino.pt\/en\/wp-json\/wp\/v2\/pages\/1189","targetHints":{"allow":["GET"]}}],"collection":[{"href":"https:\/\/atelierbycatarino.pt\/en\/wp-json\/wp\/v2\/pages"}],"about":[{"href":"https:\/\/atelierbycatarino.pt\/en\/wp-json\/wp\/v2\/types\/page"}],"author":[{"embeddable":true,"href":"https:\/\/atelierbycatarino.pt\/en\/wp-json\/wp\/v2\/users\/1"}],"replies":[{"embeddable":true,"href":"https:\/\/atelierbycatarino.pt\/en\/wp-json\/wp\/v2\/comments?post=1189"}],"version-history":[{"count":94,"href":"https:\/\/atelierbycatarino.pt\/en\/wp-json\/wp\/v2\/pages\/1189\/revisions"}],"predecessor-version":[{"id":2736,"href":"https:\/\/atelierbycatarino.pt\/en\/wp-json\/wp\/v2\/pages\/1189\/revisions\/2736"}],"wp:attachment":[{"href":"https:\/\/atelierbycatarino.pt\/en\/wp-json\/wp\/v2\/media?parent=1189"}],"curies":[{"name":"wp","href":"https:\/\/api.w.org\/{rel}","templated":true}]}}